{"id":452,"date":"2018-03-21T05:21:42","date_gmt":"2018-03-21T05:21:42","guid":{"rendered":"https:\/\/caeg.pe\/?page_id=452"},"modified":"2018-05-28T19:45:22","modified_gmt":"2018-05-28T19:45:22","slug":"hidrologia-de-cuencas","status":"publish","type":"page","link":"https:\/\/caeg.pe\/index.php\/servicios\/hidrologia-de-cuencas\/","title":{"rendered":"Hidrolog\u00eda de Cuencas"},"content":{"rendered":"<div class=\"wpb-content-wrapper\">[vc_row bg_type=\u00bbimage\u00bb parallax_style=\u00bbvcpb-default\u00bb bg_image_new=\u00bbid^257|url^https:\/\/caeg.pe\/wp-content\/uploads\/2018\/01\/fondo.jpg|caption^null|alt^null|title^fondo|description^null\u00bb bg_override=\u00bbex-full\u00bb css=\u00bb.vc_custom_1516856504631{margin-bottom: 0px !important;padding-top: 120px !important;padding-bottom: 120px !important;}\u00bb][vc_column width=\u00bb1\/3&#8243;][\/vc_column][vc_column width=\u00bb1\/3&#8243;][vc_custom_heading text=\u00bbNuestros Servicios\u00bb font_container=\u00bbtag:h3|text_align:center|color:%23002d83&#8243; use_theme_fonts=\u00bbyes\u00bb css_animation=\u00bbfadeInUp\u00bb css=\u00bb.vc_custom_1521606805387{padding-top: 20px !important;padding-right: 30px !important;padding-bottom: 20px !important;padding-left: 30px !important;background-color: #ffffff !important;}\u00bb][\/vc_column][vc_column width=\u00bb1\/3&#8243;][\/vc_column][\/vc_row][vc_row full_width=\u00bbstretch_row\u00bb css=\u00bb.vc_custom_1521608249522{background-color: #eaeaea !important;}\u00bb][vc_column width=\u00bb1\/6&#8243;][\/vc_column][vc_column width=\u00bb2\/3&#8243;][vc_custom_heading text=\u00bbHidrolog\u00eda de Cuencas\u00bb font_container=\u00bbtag:h2|text_align:center|color:%23002d83&#8243; use_theme_fonts=\u00bbyes\u00bb][vc_column_text]\n<p style=\"text-align: center;\">Con nuestro servicio de Hidrolog\u00eda de Cuencas, realizamos el estudio de la Unidad Hidrol\u00f3gica tanto en su entorno natural como urbano, a trav\u00e9s de softwares hidr\u00e1ulicos e hidrol\u00f3gicos que analizas e interpretan los pron\u00f3sticos en t\u00e9rminos de caudal, precipitaci\u00f3n y temperatura.\u00a0\u00a0<span class=\"collapseomatic \" id=\"id69fb343be5574\"  tabindex=\"0\" title=\"Leer m\u00e1s\"    >Leer m\u00e1s<\/span><div id=\"target-id69fb343be5574\" class=\"collapseomatic_content \">\n<p>Muchas veces hay cierta confusi\u00f3n cuando se utilizan los t\u00e9rminos de Cuenca Hidrol\u00f3gica y Cuenca Hidrogr\u00e1fica, por ello, se aclara que:<\/p>\n<p>Cuenca Hidrogr\u00e1fica, se refiere a la definici\u00f3n geogr\u00e1fica de la misma, es el contorno o l\u00edmite de la misma que drena agua en un punto en com\u00fan.<\/p>\n<p>Cuenca Hidrol\u00f3gica, se suele entender como una unidad para la gesti\u00f3n que se realiza dentro de la cuenca hidrogr\u00e1fica.<\/p>\n<p>Una cuenca incluye ecosistemas terrestres (selvas, bosques, matorrales, pastizales, manglares, entre otros) y ecosistemas acu\u00e1ticos (r\u00edos, lagos, humedales, etc.), y sus l\u00edmites se establecen por el\u00a0parteaguas\u00a0desde donde escurre el agua que se precipita en el territorio delimitado por \u00e9ste, hasta un punto de salida.<\/p>\n<p>El comportamiento hidrol\u00f3gico de una cuenca depende de muchos factores los cuales deben ser analizados separadamente a fin de conocer sus detalles; \u00e9stos son luego analizados en conjunto para determinar su influencia dentro del ciclo hidrol\u00f3gico.<\/p>\n<p>El an\u00e1lisis de las caracter\u00edsticas hidrol\u00f3gicas de la cuenca permite determinar las variables y par\u00e1metros que ser\u00e1n utilizados en las diferentes metodolog\u00edas hidrol\u00f3gicas que servir\u00e1n para el an\u00e1lisis de la cuenca y as\u00ed determinar las potencialidades y problemas de la misma.<\/p>\n<p>Por otra parte, el conocimiento pleno de las caracter\u00edsticas de la cuenca es indispensable para estimar los par\u00e1metros de dise\u00f1o de obras y acciones que se realizar\u00e1n dentro de la cuenca.<\/p>\n<p>Topograf\u00eda y Relieve.<\/p>\n<p>La topograf\u00eda y el relieve, definen la forma de la cuenca. La topograf\u00eda es uno de los elementos fisiogr\u00e1ficos m\u00e1s importantes en la definici\u00f3n del comportamiento hidrol\u00f3gico de una cuenca y por lo tanto es necesario el mayor detalle posible.<\/p>\n<p>La informaci\u00f3n necesaria para los estudios hidrol\u00f3gicos es; mapas plani-altim\u00e9tricos, mapa de pendientes y mapa de densidad de drenaje.<\/div>[\/vc_column_text][\/vc_column][vc_column width=\u00bb1\/6&#8243;][\/vc_column][\/vc_row][vc_row full_width=\u00bbstretch_row\u00bb css=\u00bb.vc_custom_1521608110595{background-color: #eaeaea !important;}\u00bb][vc_column width=\u00bb1\/2&#8243;][vc_row_inner content_placement=\u00bbmiddle\u00bb][vc_column_inner width=\u00bb1\/2&#8243;][vc_single_image image=\u00bb362&#8243; img_size=\u00bbmedium\u00bb alignment=\u00bbcenter\u00bb css_animation=\u00bbfadeInUp\u00bb][\/vc_column_inner][vc_column_inner width=\u00bb1\/2&#8243;][vc_custom_heading text=\u00bbEstudios hidrol\u00f3gicos\u00bb font_container=\u00bbtag:p|text_align:left|color:%23444444&#8243; use_theme_fonts=\u00bbyes\u00bb css_animation=\u00bbfadeInUp\u00bb][\/vc_column_inner][\/vc_row_inner][vc_row_inner content_placement=\u00bbmiddle\u00bb][vc_column_inner width=\u00bb1\/2&#8243;][vc_single_image image=\u00bb363&#8243; img_size=\u00bbmedium\u00bb alignment=\u00bbcenter\u00bb css_animation=\u00bbfadeInUp\u00bb][\/vc_column_inner][vc_column_inner width=\u00bb1\/2&#8243;][vc_custom_heading text=\u00bbModelos agregados y distribuidos\u00bb font_container=\u00bbtag:p|text_align:left|color:%23444444&#8243; use_theme_fonts=\u00bbyes\u00bb css_animation=\u00bbfadeInUp\u00bb][\/vc_column_inner][\/vc_row_inner][\/vc_column][vc_column width=\u00bb1\/2&#8243;][vc_row_inner content_placement=\u00bbmiddle\u00bb][vc_column_inner width=\u00bb1\/2&#8243;][vc_single_image image=\u00bb364&#8243; img_size=\u00bbmedium\u00bb alignment=\u00bbcenter\u00bb css_animation=\u00bbfadeInUp\u00bb][\/vc_column_inner][vc_column_inner width=\u00bb1\/2&#8243;][vc_custom_heading text=\u00bbEstudios de hidrolog\u00eda urbana\u00bb font_container=\u00bbtag:p|text_align:left|color:%23444444&#8243; use_theme_fonts=\u00bbyes\u00bb css_animation=\u00bbfadeInUp\u00bb][\/vc_column_inner][\/vc_row_inner][vc_row_inner content_placement=\u00bbmiddle\u00bb][vc_column_inner width=\u00bb1\/2&#8243;][vc_single_image image=\u00bb365&#8243; img_size=\u00bbmedium\u00bb alignment=\u00bbcenter\u00bb css_animation=\u00bbfadeInUp\u00bb][\/vc_column_inner][vc_column_inner width=\u00bb1\/2&#8243;][vc_custom_heading text=\u00bbEvaluaci\u00f3n de caudales\u00bb font_container=\u00bbtag:p|text_align:left|color:%23444444&#8243; use_theme_fonts=\u00bbyes\u00bb css_animation=\u00bbfadeInUp\u00bb][\/vc_column_inner][\/vc_row_inner][\/vc_column][\/vc_row][vc_row bg_type=\u00bbimage\u00bb parallax_style=\u00bbvcpb-default\u00bb bg_image_new=\u00bbid^223|url^https:\/\/caeg.pe\/wp-content\/uploads\/2018\/01\/fondo-contacto-azul-caeg.jpg|caption^null|alt^null|title^fondo-contacto-azul-caeg|description^null\u00bb bg_override=\u00bbex-full\u00bb][vc_column][vc_custom_heading text=\u00bbCont\u00e1ctenos\u00bb font_container=\u00bbtag:h2|font_size:30|text_align:center|color:%23ffffff|line_height:1&#8243; use_theme_fonts=\u00bbyes\u00bb css_animation=\u00bbfadeInUp\u00bb][vc_column_text css_animation=\u00bbfadeInUp\u00bb css=\u00bb.vc_custom_1516856018130{margin-bottom: 150px !important;}\u00bb]\n<h5 style=\"text-align: center;\"><span style=\"color: #ffffff;\">Te responderemos a la brevedad posible.<\/span><\/h5>\n[\/vc_column_text][\/vc_column][\/vc_row][vc_row][vc_column width=\u00bb1\/4&#8243;][\/vc_column][vc_column width=\u00bb1\/2&#8243; css=\u00bb.vc_custom_1516856045479{margin-top: -100px !important;margin-bottom: 30px !important;}\u00bb][vc_column_text css_animation=\u00bbfadeInUp\u00bb css=\u00bb.vc_custom_1516856122722{border-top-width: 1px !important;border-right-width: 1px !important;border-bottom-width: 1px !important;border-left-width: 1px !important;padding-top: 30px !important;padding-right: 20px !important;padding-bottom: 20px !important;padding-left: 20px !important;background-color: #ffffff !important;border-left-color: #002d83 !important;border-left-style: solid !important;border-right-color: #002d83 !important;border-right-style: solid !important;border-top-color: #002d83 !important;border-top-style: solid !important;border-bottom-color: #002d83 !important;border-bottom-style: solid !important;}\u00bb]\n<div class=\"wpcf7 no-js\" id=\"wpcf7-f32-o1\" lang=\"es-ES\" dir=\"ltr\" data-wpcf7-id=\"32\">\n<div class=\"screen-reader-response\"><p role=\"status\" aria-live=\"polite\" aria-atomic=\"true\"><\/p> <ul><\/ul><\/div>\n<form action=\"\/index.php\/wp-json\/wp\/v2\/pages\/452#wpcf7-f32-o1\" method=\"post\" class=\"wpcf7-form init\" aria-label=\"Formulario de contacto\" novalidate=\"novalidate\" data-status=\"init\">\n<fieldset class=\"hidden-fields-container\"><input type=\"hidden\" name=\"_wpcf7\" value=\"32\" \/><input type=\"hidden\" name=\"_wpcf7_version\" value=\"6.1.3\" \/><input type=\"hidden\" name=\"_wpcf7_locale\" value=\"es_ES\" \/><input type=\"hidden\" name=\"_wpcf7_unit_tag\" value=\"wpcf7-f32-o1\" \/><input type=\"hidden\" name=\"_wpcf7_container_post\" value=\"0\" \/><input type=\"hidden\" name=\"_wpcf7_posted_data_hash\" value=\"\" \/>\n<\/fieldset>\n<p><label> <span class=\"wpcf7-form-control-wrap\" data-name=\"your-name\"><input size=\"40\" maxlength=\"400\" class=\"wpcf7-form-control wpcf7-text wpcf7-validates-as-required cf7-fa-icon-fa-user-o\" aria-required=\"true\" aria-invalid=\"false\" placeholder=\"Nombre\" value=\"\" type=\"text\" name=\"your-name\" \/><\/span> <\/label>\n<\/p>\n<p><label> <span class=\"wpcf7-form-control-wrap\" data-name=\"your-email\"><input size=\"40\" maxlength=\"400\" class=\"wpcf7-form-control wpcf7-email wpcf7-validates-as-required wpcf7-text wpcf7-validates-as-email cf7-fa-icon-fa-envelope-o\" aria-required=\"true\" aria-invalid=\"false\" placeholder=\"E-mail\" value=\"\" type=\"email\" name=\"your-email\" \/><\/span> <\/label>\n<\/p>\n<p><label> <span class=\"wpcf7-form-control-wrap\" data-name=\"text-344\"><input size=\"40\" maxlength=\"400\" class=\"wpcf7-form-control wpcf7-text wpcf7-validates-as-required cf7-fa-icon-fa-globe\" aria-required=\"true\" aria-invalid=\"false\" placeholder=\"Pais\" value=\"\" type=\"text\" name=\"text-344\" \/><\/span> <\/label>\n<\/p>\n<p><label> <span class=\"wpcf7-form-control-wrap\" data-name=\"your-message\"><textarea cols=\"8\" rows=\"4\" maxlength=\"2000\" class=\"wpcf7-form-control wpcf7-textarea cf7-fa-icon-fa-comments-o\" aria-invalid=\"false\" placeholder=\"Mensaje\" name=\"your-message\"><\/textarea><\/span> <\/label>\n<\/p>\n<p><input class=\"wpcf7-form-control wpcf7-submit has-spinner\" type=\"submit\" value=\"Enviar\" \/>\n<\/p><p style=\"display: none !important;\" class=\"akismet-fields-container\" data-prefix=\"_wpcf7_ak_\"><label>&#916;<textarea name=\"_wpcf7_ak_hp_textarea\" cols=\"45\" rows=\"8\" maxlength=\"100\"><\/textarea><\/label><input type=\"hidden\" id=\"ak_js_1\" name=\"_wpcf7_ak_js\" value=\"133\"\/><script>document.getElementById( \"ak_js_1\" ).setAttribute( \"value\", ( new Date() ).getTime() );<\/script><\/p><div class=\"wpcf7-response-output\" aria-hidden=\"true\"><\/div>\n<\/form>\n<\/div>\n[\/vc_column_text][\/vc_column][vc_column width=\u00bb1\/4&#8243;][\/vc_column][\/vc_row]\n<\/div>","protected":false},"excerpt":{"rendered":"<p>[vc_row bg_type=\u00bbimage\u00bb parallax_style=\u00bbvcpb-default\u00bb bg_image_new=\u00bbid^257|url^https:\/\/caeg.pe\/wp-content\/uploads\/2018\/01\/fondo.jpg|caption^null|alt^null|title^fondo|description^null\u00bb bg_override=\u00bbex-full\u00bb css=\u00bb.vc_custom_1516856504631{margin-bottom: 0px !important;padding-top: 120px !important;padding-bottom: 120px !important;}\u00bb][vc_column width=\u00bb1\/3&#8243;][\/vc_column][vc_column width=\u00bb1\/3&#8243;][vc_custom_heading text=\u00bbNuestros Servicios\u00bb font_container=\u00bbtag:h3|text_align:center|color:%23002d83&#8243; use_theme_fonts=\u00bbyes\u00bb css_animation=\u00bbfadeInUp\u00bb css=\u00bb.vc_custom_1521606805387{padding-top: 20px !important;padding-right: 30px !important;padding-bottom: 20px !important;padding-left: 30px !important;background-color: #ffffff !important;}\u00bb][\/vc_column][vc_column width=\u00bb1\/3&#8243;][\/vc_column][\/vc_row][vc_row full_width=\u00bbstretch_row\u00bb css=\u00bb.vc_custom_1521608249522{background-color: #eaeaea !important;}\u00bb][vc_column width=\u00bb1\/6&#8243;][\/vc_column][vc_column width=\u00bb2\/3&#8243;][vc_custom_heading text=\u00bbHidrolog\u00eda de Cuencas\u00bb font_container=\u00bbtag:h2|text_align:center|color:%23002d83&#8243; use_theme_fonts=\u00bbyes\u00bb][vc_column_text] Con nuestro servicio de Hidrolog\u00eda de Cuencas, realizamos el estudio de la Unidad [&hellip;]<\/p>\n","protected":false},"author":1,"featured_media":0,"parent":256,"menu_order":0,"comment_status":"closed","ping_status":"closed","template":"","meta":{"site-sidebar-layout":"no-sidebar","site-content-layout":"plain-container","ast-site-content-layout":"default","site-content-style":"default","site-sidebar-style":"default","ast-global-header-display":"","ast-banner-title-visibility":"","ast-main-header-display":"","ast-hfb-above-header-display":"","ast-hfb-below-header-display":"","ast-hfb-mobile-header-display":"","site-post-title":"disabled","ast-breadcrumbs-content":"","ast-featured-img":"disabled","footer-sml-layout":"","ast-disable-related-posts":"","theme-transparent-header-meta":"","adv-header-id-meta":"","stick-header-meta":"","header-above-stick-meta":"","header-main-stick-meta":"","header-below-stick-meta":"","astra-migrate-meta-layouts":"default","ast-page-background-enabled":"default","ast-page-background-meta":{"desktop":{"background-color":"","background-image":"","background-repeat":"repeat","background-position":"center center","background-size":"auto","background-attachment":"scroll","background-type":"","background-media":"","overlay-type":"","overlay-color":"","overlay-opacity":"","overlay-gradient":""},"tablet":{"background-color":"","background-image":"","background-repeat":"repeat","background-position":"center center","background-size":"auto","background-attachment":"scroll","background-type":"","background-media":"","overlay-type":"","overlay-color":"","overlay-opacity":"","overlay-gradient":""},"mobile":{"background-color":"","background-image":"","background-repeat":"repeat","background-position":"center center","background-size":"auto","background-attachment":"scroll","background-type":"","background-media":"","overlay-type":"","overlay-color":"","overlay-opacity":"","overlay-gradient":""}},"ast-content-background-meta":{"desktop":{"background-color":"var(--ast-global-color-5)","background-image":"","background-repeat":"repeat","background-position":"center center","background-size":"auto","background-attachment":"scroll","background-type":"","background-media":"","overlay-type":"","overlay-color":"","overlay-opacity":"","overlay-gradient":""},"tablet":{"background-color":"var(--ast-global-color-5)","background-image":"","background-repeat":"repeat","background-position":"center center","background-size":"auto","background-attachment":"scroll","background-type":"","background-media":"","overlay-type":"","overlay-color":"","overlay-opacity":"","overlay-gradient":""},"mobile":{"background-color":"var(--ast-global-color-5)","background-image":"","background-repeat":"repeat","background-position":"center center","background-size":"auto","background-attachment":"scroll","background-type":"","background-media":"","overlay-type":"","overlay-color":"","overlay-opacity":"","overlay-gradient":""}},"footnotes":""},"class_list":["post-452","page","type-page","status-publish","hentry"],"yoast_head":"<!-- This site is optimized with the Yoast SEO plugin v27.4 - https:\/\/yoast.com\/product\/yoast-seo-wordpress\/ -->\n<title>\u00bfQu\u00e9 es la hidrologia de cuencas? Hidrologia de cuencas en Lima, Per\u00fa<\/title>\n<meta name=\"description\" content=\"Con nuestro servicio de Hidrolog\u00eda de Cuencas, realizamos el estudio de la Unidad Hidrol\u00f3gica tanto en su entorno natural como urbano, a trav\u00e9s de softwares hidr\u00e1ulicos e hidrol\u00f3gicos que analizas e interpretan los pron\u00f3sticos en t\u00e9rminos de caudal, precipitaci\u00f3n y temperatura.\" \/>\n<meta name=\"robots\" content=\"index, follow, max-snippet:-1, max-image-preview:large, max-video-preview:-1\" \/>\n<link rel=\"canonical\" href=\"https:\/\/caeg.pe\/index.php\/servicios\/hidrologia-de-cuencas\/\" \/>\n<meta property=\"og:locale\" content=\"es_ES\" \/>\n<meta property=\"og:type\" content=\"article\" \/>\n<meta property=\"og:title\" content=\"\u00bfQu\u00e9 es la hidrologia de cuencas? Hidrologia de cuencas en Lima, Per\u00fa\" \/>\n<meta property=\"og:description\" content=\"Con nuestro servicio de Hidrolog\u00eda de Cuencas, realizamos el estudio de la Unidad Hidrol\u00f3gica tanto en su entorno natural como urbano, a trav\u00e9s de softwares hidr\u00e1ulicos e hidrol\u00f3gicos que analizas e interpretan los pron\u00f3sticos en t\u00e9rminos de caudal, precipitaci\u00f3n y temperatura.\" \/>\n<meta property=\"og:url\" content=\"https:\/\/caeg.pe\/index.php\/servicios\/hidrologia-de-cuencas\/\" \/>\n<meta property=\"og:site_name\" content=\"CAEG\" \/>\n<meta property=\"article:modified_time\" content=\"2018-05-28T19:45:22+00:00\" \/>\n<meta name=\"twitter:card\" content=\"summary_large_image\" \/>\n<meta name=\"twitter:label1\" content=\"Tiempo de lectura\" \/>\n\t<meta name=\"twitter:data1\" content=\"5 minutos\" \/>\n<script type=\"application\/ld+json\" class=\"yoast-schema-graph\">{\"@context\":\"https:\\\/\\\/schema.org\",\"@graph\":[{\"@type\":\"WebPage\",\"@id\":\"https:\\\/\\\/caeg.pe\\\/index.php\\\/servicios\\\/hidrologia-de-cuencas\\\/\",\"url\":\"https:\\\/\\\/caeg.pe\\\/index.php\\\/servicios\\\/hidrologia-de-cuencas\\\/\",\"name\":\"\u00bfQu\u00e9 es la hidrologia de cuencas? Hidrologia de cuencas en Lima, Per\u00fa\",\"isPartOf\":{\"@id\":\"https:\\\/\\\/caeg.pe\\\/#website\"},\"datePublished\":\"2018-03-21T05:21:42+00:00\",\"dateModified\":\"2018-05-28T19:45:22+00:00\",\"description\":\"Con nuestro servicio de Hidrolog\u00eda de Cuencas, realizamos el estudio de la Unidad Hidrol\u00f3gica tanto en su entorno natural como urbano, a trav\u00e9s de softwares hidr\u00e1ulicos e hidrol\u00f3gicos que analizas e interpretan los pron\u00f3sticos en t\u00e9rminos de caudal, precipitaci\u00f3n y temperatura.\",\"breadcrumb\":{\"@id\":\"https:\\\/\\\/caeg.pe\\\/index.php\\\/servicios\\\/hidrologia-de-cuencas\\\/#breadcrumb\"},\"inLanguage\":\"es\",\"potentialAction\":[{\"@type\":\"ReadAction\",\"target\":[\"https:\\\/\\\/caeg.pe\\\/index.php\\\/servicios\\\/hidrologia-de-cuencas\\\/\"]}]},{\"@type\":\"BreadcrumbList\",\"@id\":\"https:\\\/\\\/caeg.pe\\\/index.php\\\/servicios\\\/hidrologia-de-cuencas\\\/#breadcrumb\",\"itemListElement\":[{\"@type\":\"ListItem\",\"position\":1,\"name\":\"Portada\",\"item\":\"https:\\\/\\\/caeg.pe\\\/\"},{\"@type\":\"ListItem\",\"position\":2,\"name\":\"SERVICIOS\",\"item\":\"https:\\\/\\\/caeg.pe\\\/index.php\\\/servicios\\\/\"},{\"@type\":\"ListItem\",\"position\":3,\"name\":\"Hidrolog\u00eda de Cuencas\"}]},{\"@type\":\"WebSite\",\"@id\":\"https:\\\/\\\/caeg.pe\\\/#website\",\"url\":\"https:\\\/\\\/caeg.pe\\\/\",\"name\":\"CAEG\",\"description\":\"Centro de Altos Estudios en Geom\u00e1tica\",\"publisher\":{\"@id\":\"https:\\\/\\\/caeg.pe\\\/#organization\"},\"potentialAction\":[{\"@type\":\"SearchAction\",\"target\":{\"@type\":\"EntryPoint\",\"urlTemplate\":\"https:\\\/\\\/caeg.pe\\\/?s={search_term_string}\"},\"query-input\":{\"@type\":\"PropertyValueSpecification\",\"valueRequired\":true,\"valueName\":\"search_term_string\"}}],\"inLanguage\":\"es\"},{\"@type\":\"Organization\",\"@id\":\"https:\\\/\\\/caeg.pe\\\/#organization\",\"name\":\"CAEG\",\"url\":\"https:\\\/\\\/caeg.pe\\\/\",\"logo\":{\"@type\":\"ImageObject\",\"inLanguage\":\"es\",\"@id\":\"https:\\\/\\\/caeg.pe\\\/#\\\/schema\\\/logo\\\/image\\\/\",\"url\":\"https:\\\/\\\/caeg.pe\\\/wp-content\\\/uploads\\\/2018\\\/04\\\/cropped-cropped-CAEG-NUEVO.png\",\"contentUrl\":\"https:\\\/\\\/caeg.pe\\\/wp-content\\\/uploads\\\/2018\\\/04\\\/cropped-cropped-CAEG-NUEVO.png\",\"width\":200,\"height\":99,\"caption\":\"CAEG\"},\"image\":{\"@id\":\"https:\\\/\\\/caeg.pe\\\/#\\\/schema\\\/logo\\\/image\\\/\"}}]}<\/script>\n<!-- \/ Yoast SEO plugin. -->","yoast_head_json":{"title":"\u00bfQu\u00e9 es la hidrologia de cuencas? Hidrologia de cuencas en Lima, Per\u00fa","description":"Con nuestro servicio de Hidrolog\u00eda de Cuencas, realizamos el estudio de la Unidad Hidrol\u00f3gica tanto en su entorno natural como urbano, a trav\u00e9s de softwares hidr\u00e1ulicos e hidrol\u00f3gicos que analizas e interpretan los pron\u00f3sticos en t\u00e9rminos de caudal, precipitaci\u00f3n y temperatura.","robots":{"index":"index","follow":"follow","max-snippet":"max-snippet:-1","max-image-preview":"max-image-preview:large","max-video-preview":"max-video-preview:-1"},"canonical":"https:\/\/caeg.pe\/index.php\/servicios\/hidrologia-de-cuencas\/","og_locale":"es_ES","og_type":"article","og_title":"\u00bfQu\u00e9 es la hidrologia de cuencas? Hidrologia de cuencas en Lima, Per\u00fa","og_description":"Con nuestro servicio de Hidrolog\u00eda de Cuencas, realizamos el estudio de la Unidad Hidrol\u00f3gica tanto en su entorno natural como urbano, a trav\u00e9s de softwares hidr\u00e1ulicos e hidrol\u00f3gicos que analizas e interpretan los pron\u00f3sticos en t\u00e9rminos de caudal, precipitaci\u00f3n y temperatura.","og_url":"https:\/\/caeg.pe\/index.php\/servicios\/hidrologia-de-cuencas\/","og_site_name":"CAEG","article_modified_time":"2018-05-28T19:45:22+00:00","twitter_card":"summary_large_image","twitter_misc":{"Tiempo de lectura":"5 minutos"},"schema":{"@context":"https:\/\/schema.org","@graph":[{"@type":"WebPage","@id":"https:\/\/caeg.pe\/index.php\/servicios\/hidrologia-de-cuencas\/","url":"https:\/\/caeg.pe\/index.php\/servicios\/hidrologia-de-cuencas\/","name":"\u00bfQu\u00e9 es la hidrologia de cuencas? Hidrologia de cuencas en Lima, Per\u00fa","isPartOf":{"@id":"https:\/\/caeg.pe\/#website"},"datePublished":"2018-03-21T05:21:42+00:00","dateModified":"2018-05-28T19:45:22+00:00","description":"Con nuestro servicio de Hidrolog\u00eda de Cuencas, realizamos el estudio de la Unidad Hidrol\u00f3gica tanto en su entorno natural como urbano, a trav\u00e9s de softwares hidr\u00e1ulicos e hidrol\u00f3gicos que analizas e interpretan los pron\u00f3sticos en t\u00e9rminos de caudal, precipitaci\u00f3n y temperatura.","breadcrumb":{"@id":"https:\/\/caeg.pe\/index.php\/servicios\/hidrologia-de-cuencas\/#breadcrumb"},"inLanguage":"es","potentialAction":[{"@type":"ReadAction","target":["https:\/\/caeg.pe\/index.php\/servicios\/hidrologia-de-cuencas\/"]}]},{"@type":"BreadcrumbList","@id":"https:\/\/caeg.pe\/index.php\/servicios\/hidrologia-de-cuencas\/#breadcrumb","itemListElement":[{"@type":"ListItem","position":1,"name":"Portada","item":"https:\/\/caeg.pe\/"},{"@type":"ListItem","position":2,"name":"SERVICIOS","item":"https:\/\/caeg.pe\/index.php\/servicios\/"},{"@type":"ListItem","position":3,"name":"Hidrolog\u00eda de Cuencas"}]},{"@type":"WebSite","@id":"https:\/\/caeg.pe\/#website","url":"https:\/\/caeg.pe\/","name":"CAEG","description":"Centro de Altos Estudios en Geom\u00e1tica","publisher":{"@id":"https:\/\/caeg.pe\/#organization"},"potentialAction":[{"@type":"SearchAction","target":{"@type":"EntryPoint","urlTemplate":"https:\/\/caeg.pe\/?s={search_term_string}"},"query-input":{"@type":"PropertyValueSpecification","valueRequired":true,"valueName":"search_term_string"}}],"inLanguage":"es"},{"@type":"Organization","@id":"https:\/\/caeg.pe\/#organization","name":"CAEG","url":"https:\/\/caeg.pe\/","logo":{"@type":"ImageObject","inLanguage":"es","@id":"https:\/\/caeg.pe\/#\/schema\/logo\/image\/","url":"https:\/\/caeg.pe\/wp-content\/uploads\/2018\/04\/cropped-cropped-CAEG-NUEVO.png","contentUrl":"https:\/\/caeg.pe\/wp-content\/uploads\/2018\/04\/cropped-cropped-CAEG-NUEVO.png","width":200,"height":99,"caption":"CAEG"},"image":{"@id":"https:\/\/caeg.pe\/#\/schema\/logo\/image\/"}}]}},"_links":{"self":[{"href":"https:\/\/caeg.pe\/index.php\/wp-json\/wp\/v2\/pages\/452","targetHints":{"allow":["GET"]}}],"collection":[{"href":"https:\/\/caeg.pe\/index.php\/wp-json\/wp\/v2\/pages"}],"about":[{"href":"https:\/\/caeg.pe\/index.php\/wp-json\/wp\/v2\/types\/page"}],"author":[{"embeddable":true,"href":"https:\/\/caeg.pe\/index.php\/wp-json\/wp\/v2\/users\/1"}],"replies":[{"embeddable":true,"href":"https:\/\/caeg.pe\/index.php\/wp-json\/wp\/v2\/comments?post=452"}],"version-history":[{"count":3,"href":"https:\/\/caeg.pe\/index.php\/wp-json\/wp\/v2\/pages\/452\/revisions"}],"predecessor-version":[{"id":487,"href":"https:\/\/caeg.pe\/index.php\/wp-json\/wp\/v2\/pages\/452\/revisions\/487"}],"up":[{"embeddable":true,"href":"https:\/\/caeg.pe\/index.php\/wp-json\/wp\/v2\/pages\/256"}],"wp:attachment":[{"href":"https:\/\/caeg.pe\/index.php\/wp-json\/wp\/v2\/media?parent=452"}],"curies":[{"name":"wp","href":"https:\/\/api.w.org\/{rel}","templated":true}]}}