{"id":450,"date":"2018-03-21T05:17:31","date_gmt":"2018-03-21T05:17:31","guid":{"rendered":"https:\/\/caeg.pe\/?page_id=450"},"modified":"2018-05-28T19:39:47","modified_gmt":"2018-05-28T19:39:47","slug":"hidraulica-fluvial","status":"publish","type":"page","link":"https:\/\/caeg.pe\/index.php\/servicios\/hidraulica-fluvial\/","title":{"rendered":"Hidr\u00e1ulica Fluvial"},"content":{"rendered":"<div class=\"wpb-content-wrapper\">[vc_row bg_type=\u00bbimage\u00bb parallax_style=\u00bbvcpb-default\u00bb bg_image_new=\u00bbid^257|url^https:\/\/caeg.pe\/wp-content\/uploads\/2018\/01\/fondo.jpg|caption^null|alt^null|title^fondo|description^null\u00bb bg_override=\u00bbex-full\u00bb css=\u00bb.vc_custom_1516856504631{margin-bottom: 0px !important;padding-top: 120px !important;padding-bottom: 120px !important;}\u00bb][vc_column width=\u00bb1\/3&#8243;][\/vc_column][vc_column width=\u00bb1\/3&#8243;][vc_custom_heading text=\u00bbNuestros Servicios\u00bb font_container=\u00bbtag:h3|text_align:center|color:%23002d83&#8243; use_theme_fonts=\u00bbyes\u00bb css_animation=\u00bbfadeInUp\u00bb css=\u00bb.vc_custom_1521606805387{padding-top: 20px !important;padding-right: 30px !important;padding-bottom: 20px !important;padding-left: 30px !important;background-color: #ffffff !important;}\u00bb][\/vc_column][vc_column width=\u00bb1\/3&#8243;][\/vc_column][\/vc_row][vc_row full_width=\u00bbstretch_row\u00bb css=\u00bb.vc_custom_1521608249522{background-color: #eaeaea !important;}\u00bb][vc_column width=\u00bb1\/6&#8243;][\/vc_column][vc_column width=\u00bb2\/3&#8243;][vc_custom_heading text=\u00bbHidr\u00e1ulica Fluvial\u00bb font_container=\u00bbtag:h2|text_align:center|color:%23002d83&#8243; use_theme_fonts=\u00bbyes\u00bb][vc_column_text]\n<p style=\"text-align: center;\">Podemos conocer el estado actual y el comportamiento morfodin\u00e1mico de nuestros r\u00edos, para tomar decisiones a la hora de planificar y dise\u00f1ar nuevas \u00e1reas, que incluyen transporte de sedimentos, restauraci\u00f3n de r\u00edos, protecci\u00f3n contra avenidas y estabilidad de m\u00e1rgenes.\u00a0\u00a0<span class=\"collapseomatic \" id=\"id69fb33602c225\"  tabindex=\"0\" title=\"Leer m\u00e1s\"    >Leer m\u00e1s<\/span><div id=\"target-id69fb33602c225\" class=\"collapseomatic_content \">\n<p><strong>La\u00a0hidr\u00e1ulica fluvial<\/strong>\u00a0se dedica al estudio del comportamiento de r\u00edos y otras fuentes de agua. A trav\u00e9s de ella es posible predecir la reacci\u00f3n y evoluci\u00f3n de un r\u00edo ante cualquier intervenci\u00f3n del hombre, en el cauce y m\u00e1rgenes, llanuras de inundaci\u00f3n y franja de ribera.<\/p>\n<p>La complejidad de la hidr\u00e1ulica fluvial hace necesarios conocimientos en hidrolog\u00eda, hidr\u00e1ulica, geomorfolog\u00eda y transporte de sedimentos. Para ello, contamos con un equipo t\u00e9cnico multidisciplinario con gran experiencia as\u00ed como con\u00a0 software propio, programas\u00a0 m\u00e1s difundidos y con mayor solidez del mercado.<\/p>\n<p><strong>Somos especialistas.<\/strong><\/p>\n<p>As\u00ed como en los anteriores servicios, en hidr\u00e1ulica fluvial nos especializamos en todos los aspectos relacionados con el proceso de planificaci\u00f3n hidrol\u00f3gica. Para ello utilizan los mejores modelos hidrol\u00f3gicos e hidr\u00e1ulicos disponibles as\u00ed como desarrollos propios, conectados con Sistemas de Informaci\u00f3n Geogr\u00e1fica y diversas aplicaciones para un f\u00e1cil an\u00e1lisis y explotaci\u00f3n de los resultados obtenidos.<\/p>\n<p><strong>Verdaderos desaf\u00edos para la ingenier\u00eda<\/strong><\/p>\n<p>Los r\u00edos y otras fuentes de agua presentan desaf\u00edos en la ingenier\u00eda de obras civiles y la planificaci\u00f3n de los recursos h\u00eddricos. Los dise\u00f1os hidr\u00e1ulicos deben asegurar un buen desempe\u00f1o a eventos extremos y la\u00a0performance\u00a0de las obras en el largo plazo.<\/p>\n<p>Los r\u00edos aluviales est\u00e1n cambiando constantemente de posici\u00f3n y forma y adquieren por un mecanismo que ha sido llamado de \u201cautoajuste\u201d el ancho, el tirante y la pendiente correspondientes al gasto l\u00edquido, al gasto s\u00f3lido y a la composici\u00f3n granulom\u00e9trica de los s\u00f3lidos que arrastran. No pocas veces esto implica cambio de recorrido.<\/p>\n<p><strong>Somos CAEG.<\/strong><\/p>\n<p>Podemos conocer el estado actual y el comportamiento morfodin\u00e1mico de nuestros r\u00edos, para tomar decisiones a la hora de planificar y dise\u00f1ar nuevas \u00e1reas, que incluyen transporte de sedimentos, restauraci\u00f3n de r\u00edos, protecci\u00f3n contra avenidas y estabilidad de m\u00e1rgenes.<\/p>\n<p>En CAEG comprendemos los principales factores que dominan el flujo en r\u00edos y domina los principales c\u00f3digos de modelamiento que incluye la din\u00e1mica de fluidos computacional. Nuestras evaluaciones incluyen estudios de inundabilidad, estudios de rotura de presas y balsas, modelizaci\u00f3n de estructuras, transporte de sedimentos y estudios de restauraci\u00f3n fluvial.<\/div>[\/vc_column_text][\/vc_column][vc_column width=\u00bb1\/6&#8243;][\/vc_column][\/vc_row][vc_row full_width=\u00bbstretch_row\u00bb css=\u00bb.vc_custom_1521608110595{background-color: #eaeaea !important;}\u00bb][vc_column width=\u00bb1\/2&#8243;][vc_row_inner content_placement=\u00bbmiddle\u00bb][vc_column_inner width=\u00bb1\/2&#8243;][vc_single_image image=\u00bb357&#8243; img_size=\u00bbmedium\u00bb alignment=\u00bbcenter\u00bb css_animation=\u00bbfadeInUp\u00bb][\/vc_column_inner][vc_column_inner width=\u00bb1\/2&#8243;][vc_custom_heading text=\u00bbEstudios de inundabilidad\u00bb font_container=\u00bbtag:p|text_align:left|color:%23444444&#8243; use_theme_fonts=\u00bbyes\u00bb css_animation=\u00bbfadeInUp\u00bb][\/vc_column_inner][\/vc_row_inner][vc_row_inner content_placement=\u00bbmiddle\u00bb][vc_column_inner width=\u00bb1\/2&#8243;][vc_single_image image=\u00bb358&#8243; img_size=\u00bbmedium\u00bb alignment=\u00bbcenter\u00bb css_animation=\u00bbfadeInUp\u00bb][\/vc_column_inner][vc_column_inner width=\u00bb1\/2&#8243;][vc_custom_heading text=\u00bbEstudios de rotura de presas y balsas\u00bb font_container=\u00bbtag:p|text_align:left|color:%23444444&#8243; use_theme_fonts=\u00bbyes\u00bb css_animation=\u00bbfadeInUp\u00bb][\/vc_column_inner][\/vc_row_inner][vc_row_inner content_placement=\u00bbmiddle\u00bb][vc_column_inner width=\u00bb1\/2&#8243;][vc_single_image image=\u00bb359&#8243; img_size=\u00bbmedium\u00bb alignment=\u00bbcenter\u00bb css_animation=\u00bbfadeInUp\u00bb][\/vc_column_inner][vc_column_inner width=\u00bb1\/2&#8243;][vc_custom_heading text=\u00bbModelizaci\u00f3n de estructuras\u00bb font_container=\u00bbtag:p|text_align:left|color:%23444444&#8243; use_theme_fonts=\u00bbyes\u00bb css_animation=\u00bbfadeInUp\u00bb][\/vc_column_inner][\/vc_row_inner][\/vc_column][vc_column width=\u00bb1\/2&#8243;][vc_row_inner content_placement=\u00bbmiddle\u00bb][vc_column_inner width=\u00bb1\/2&#8243;][vc_single_image image=\u00bb360&#8243; img_size=\u00bbmedium\u00bb alignment=\u00bbcenter\u00bb css_animation=\u00bbfadeInUp\u00bb][\/vc_column_inner][vc_column_inner width=\u00bb1\/2&#8243;][vc_custom_heading text=\u00bbTransporte de sedimentos\u00bb font_container=\u00bbtag:p|text_align:left|color:%23444444&#8243; use_theme_fonts=\u00bbyes\u00bb css_animation=\u00bbfadeInUp\u00bb][\/vc_column_inner][\/vc_row_inner][vc_row_inner content_placement=\u00bbmiddle\u00bb][vc_column_inner width=\u00bb1\/2&#8243;][vc_single_image image=\u00bb361&#8243; img_size=\u00bbmedium\u00bb alignment=\u00bbcenter\u00bb css_animation=\u00bbfadeInUp\u00bb][\/vc_column_inner][vc_column_inner width=\u00bb1\/2&#8243;][vc_custom_heading text=\u00bbTransporte de sedimentos\u00bb font_container=\u00bbtag:p|text_align:left|color:%23444444&#8243; use_theme_fonts=\u00bbyes\u00bb css_animation=\u00bbfadeInUp\u00bb][\/vc_column_inner][\/vc_row_inner][\/vc_column][\/vc_row][vc_row bg_type=\u00bbimage\u00bb parallax_style=\u00bbvcpb-default\u00bb bg_image_new=\u00bbid^223|url^https:\/\/caeg.pe\/wp-content\/uploads\/2018\/01\/fondo-contacto-azul-caeg.jpg|caption^null|alt^null|title^fondo-contacto-azul-caeg|description^null\u00bb bg_override=\u00bbex-full\u00bb][vc_column][vc_custom_heading text=\u00bbCont\u00e1ctenos\u00bb font_container=\u00bbtag:h2|font_size:30|text_align:center|color:%23ffffff|line_height:1&#8243; use_theme_fonts=\u00bbyes\u00bb css_animation=\u00bbfadeInUp\u00bb][vc_column_text css_animation=\u00bbfadeInUp\u00bb css=\u00bb.vc_custom_1516856018130{margin-bottom: 150px !important;}\u00bb]\n<h5 style=\"text-align: center;\"><span style=\"color: #ffffff;\">Te responderemos a la brevedad posible.<\/span><\/h5>\n[\/vc_column_text][\/vc_column][\/vc_row][vc_row][vc_column width=\u00bb1\/4&#8243;][\/vc_column][vc_column width=\u00bb1\/2&#8243; css=\u00bb.vc_custom_1516856045479{margin-top: -100px !important;margin-bottom: 30px !important;}\u00bb][vc_column_text css_animation=\u00bbfadeInUp\u00bb css=\u00bb.vc_custom_1516856122722{border-top-width: 1px !important;border-right-width: 1px !important;border-bottom-width: 1px !important;border-left-width: 1px !important;padding-top: 30px !important;padding-right: 20px !important;padding-bottom: 20px !important;padding-left: 20px !important;background-color: #ffffff !important;border-left-color: #002d83 !important;border-left-style: solid !important;border-right-color: #002d83 !important;border-right-style: solid !important;border-top-color: #002d83 !important;border-top-style: solid !important;border-bottom-color: #002d83 !important;border-bottom-style: solid !important;}\u00bb]\n<div class=\"wpcf7 no-js\" id=\"wpcf7-f32-o1\" lang=\"es-ES\" dir=\"ltr\" data-wpcf7-id=\"32\">\n<div class=\"screen-reader-response\"><p role=\"status\" aria-live=\"polite\" aria-atomic=\"true\"><\/p> <ul><\/ul><\/div>\n<form action=\"\/index.php\/wp-json\/wp\/v2\/pages\/450#wpcf7-f32-o1\" method=\"post\" class=\"wpcf7-form init\" aria-label=\"Formulario de contacto\" novalidate=\"novalidate\" data-status=\"init\">\n<fieldset class=\"hidden-fields-container\"><input type=\"hidden\" name=\"_wpcf7\" value=\"32\" \/><input type=\"hidden\" name=\"_wpcf7_version\" value=\"6.1.3\" \/><input type=\"hidden\" name=\"_wpcf7_locale\" value=\"es_ES\" \/><input type=\"hidden\" name=\"_wpcf7_unit_tag\" value=\"wpcf7-f32-o1\" \/><input type=\"hidden\" name=\"_wpcf7_container_post\" value=\"0\" \/><input type=\"hidden\" name=\"_wpcf7_posted_data_hash\" value=\"\" \/>\n<\/fieldset>\n<p><label> <span class=\"wpcf7-form-control-wrap\" data-name=\"your-name\"><input size=\"40\" maxlength=\"400\" class=\"wpcf7-form-control wpcf7-text wpcf7-validates-as-required cf7-fa-icon-fa-user-o\" aria-required=\"true\" aria-invalid=\"false\" placeholder=\"Nombre\" value=\"\" type=\"text\" name=\"your-name\" \/><\/span> <\/label>\n<\/p>\n<p><label> <span class=\"wpcf7-form-control-wrap\" data-name=\"your-email\"><input size=\"40\" maxlength=\"400\" class=\"wpcf7-form-control wpcf7-email wpcf7-validates-as-required wpcf7-text wpcf7-validates-as-email cf7-fa-icon-fa-envelope-o\" aria-required=\"true\" aria-invalid=\"false\" placeholder=\"E-mail\" value=\"\" type=\"email\" name=\"your-email\" \/><\/span> <\/label>\n<\/p>\n<p><label> <span class=\"wpcf7-form-control-wrap\" data-name=\"text-344\"><input size=\"40\" maxlength=\"400\" class=\"wpcf7-form-control wpcf7-text wpcf7-validates-as-required cf7-fa-icon-fa-globe\" aria-required=\"true\" aria-invalid=\"false\" placeholder=\"Pais\" value=\"\" type=\"text\" name=\"text-344\" \/><\/span> <\/label>\n<\/p>\n<p><label> <span class=\"wpcf7-form-control-wrap\" data-name=\"your-message\"><textarea cols=\"8\" rows=\"4\" maxlength=\"2000\" class=\"wpcf7-form-control wpcf7-textarea cf7-fa-icon-fa-comments-o\" aria-invalid=\"false\" placeholder=\"Mensaje\" name=\"your-message\"><\/textarea><\/span> <\/label>\n<\/p>\n<p><input class=\"wpcf7-form-control wpcf7-submit has-spinner\" type=\"submit\" value=\"Enviar\" \/>\n<\/p><p style=\"display: none !important;\" class=\"akismet-fields-container\" data-prefix=\"_wpcf7_ak_\"><label>&#916;<textarea name=\"_wpcf7_ak_hp_textarea\" cols=\"45\" rows=\"8\" maxlength=\"100\"><\/textarea><\/label><input type=\"hidden\" id=\"ak_js_1\" name=\"_wpcf7_ak_js\" value=\"213\"\/><script>document.getElementById( \"ak_js_1\" ).setAttribute( \"value\", ( new Date() ).getTime() );<\/script><\/p><div class=\"wpcf7-response-output\" aria-hidden=\"true\"><\/div>\n<\/form>\n<\/div>\n[\/vc_column_text][\/vc_column][vc_column width=\u00bb1\/4&#8243;][\/vc_column][\/vc_row]\n<\/div>","protected":false},"excerpt":{"rendered":"<p>[vc_row bg_type=\u00bbimage\u00bb parallax_style=\u00bbvcpb-default\u00bb bg_image_new=\u00bbid^257|url^https:\/\/caeg.pe\/wp-content\/uploads\/2018\/01\/fondo.jpg|caption^null|alt^null|title^fondo|description^null\u00bb bg_override=\u00bbex-full\u00bb css=\u00bb.vc_custom_1516856504631{margin-bottom: 0px !important;padding-top: 120px !important;padding-bottom: 120px !important;}\u00bb][vc_column width=\u00bb1\/3&#8243;][\/vc_column][vc_column width=\u00bb1\/3&#8243;][vc_custom_heading text=\u00bbNuestros Servicios\u00bb font_container=\u00bbtag:h3|text_align:center|color:%23002d83&#8243; use_theme_fonts=\u00bbyes\u00bb css_animation=\u00bbfadeInUp\u00bb css=\u00bb.vc_custom_1521606805387{padding-top: 20px !important;padding-right: 30px !important;padding-bottom: 20px !important;padding-left: 30px !important;background-color: #ffffff !important;}\u00bb][\/vc_column][vc_column width=\u00bb1\/3&#8243;][\/vc_column][\/vc_row][vc_row full_width=\u00bbstretch_row\u00bb css=\u00bb.vc_custom_1521608249522{background-color: #eaeaea !important;}\u00bb][vc_column width=\u00bb1\/6&#8243;][\/vc_column][vc_column width=\u00bb2\/3&#8243;][vc_custom_heading text=\u00bbHidr\u00e1ulica Fluvial\u00bb font_container=\u00bbtag:h2|text_align:center|color:%23002d83&#8243; use_theme_fonts=\u00bbyes\u00bb][vc_column_text] Podemos conocer el estado actual y el comportamiento morfodin\u00e1mico de nuestros r\u00edos, para tomar [&hellip;]<\/p>\n","protected":false},"author":1,"featured_media":0,"parent":256,"menu_order":0,"comment_status":"closed","ping_status":"closed","template":"","meta":{"site-sidebar-layout":"no-sidebar","site-content-layout":"plain-container","ast-site-content-layout":"default","site-content-style":"default","site-sidebar-style":"default","ast-global-header-display":"","ast-banner-title-visibility":"","ast-main-header-display":"","ast-hfb-above-header-display":"","ast-hfb-below-header-display":"","ast-hfb-mobile-header-display":"","site-post-title":"disabled","ast-breadcrumbs-content":"","ast-featured-img":"disabled","footer-sml-layout":"","ast-disable-related-posts":"","theme-transparent-header-meta":"","adv-header-id-meta":"","stick-header-meta":"","header-above-stick-meta":"","header-main-stick-meta":"","header-below-stick-meta":"","astra-migrate-meta-layouts":"default","ast-page-background-enabled":"default","ast-page-background-meta":{"desktop":{"background-color":"","background-image":"","background-repeat":"repeat","background-position":"center center","background-size":"auto","background-attachment":"scroll","background-type":"","background-media":"","overlay-type":"","overlay-color":"","overlay-opacity":"","overlay-gradient":""},"tablet":{"background-color":"","background-image":"","background-repeat":"repeat","background-position":"center center","background-size":"auto","background-attachment":"scroll","background-type":"","background-media":"","overlay-type":"","overlay-color":"","overlay-opacity":"","overlay-gradient":""},"mobile":{"background-color":"","background-image":"","background-repeat":"repeat","background-position":"center center","background-size":"auto","background-attachment":"scroll","background-type":"","background-media":"","overlay-type":"","overlay-color":"","overlay-opacity":"","overlay-gradient":""}},"ast-content-background-meta":{"desktop":{"background-color":"var(--ast-global-color-5)","background-image":"","background-repeat":"repeat","background-position":"center center","background-size":"auto","background-attachment":"scroll","background-type":"","background-media":"","overlay-type":"","overlay-color":"","overlay-opacity":"","overlay-gradient":""},"tablet":{"background-color":"var(--ast-global-color-5)","background-image":"","background-repeat":"repeat","background-position":"center center","background-size":"auto","background-attachment":"scroll","background-type":"","background-media":"","overlay-type":"","overlay-color":"","overlay-opacity":"","overlay-gradient":""},"mobile":{"background-color":"var(--ast-global-color-5)","background-image":"","background-repeat":"repeat","background-position":"center center","background-size":"auto","background-attachment":"scroll","background-type":"","background-media":"","overlay-type":"","overlay-color":"","overlay-opacity":"","overlay-gradient":""}},"footnotes":""},"class_list":["post-450","page","type-page","status-publish","hentry"],"yoast_head":"<!-- This site is optimized with the Yoast SEO plugin v27.4 - https:\/\/yoast.com\/product\/yoast-seo-wordpress\/ -->\n<title>\u00bfQu\u00e9 es la hidr\u00e1ulica fluvial? - Centro de altos estudios en geom\u00e1tica<\/title>\n<meta name=\"description\" content=\"La hidr\u00e1ulica fluvial se dedica al estudio del comportamiento de r\u00edos y otras fuentes de agua. A trav\u00e9s de ella es posible predecir la reacci\u00f3n y evoluci\u00f3n de un r\u00edoante cualquier intervenci\u00f3n del hombre, en el cauce y m\u00e1rgenes, llanuras de inundaci\u00f3n y franja de ribera.\" \/>\n<meta name=\"robots\" content=\"index, follow, max-snippet:-1, max-image-preview:large, max-video-preview:-1\" \/>\n<link rel=\"canonical\" href=\"https:\/\/caeg.pe\/index.php\/servicios\/hidraulica-fluvial\/\" \/>\n<meta property=\"og:locale\" content=\"es_ES\" \/>\n<meta property=\"og:type\" content=\"article\" \/>\n<meta property=\"og:title\" content=\"\u00bfQu\u00e9 es la hidr\u00e1ulica fluvial? - Centro de altos estudios en geom\u00e1tica\" \/>\n<meta property=\"og:description\" content=\"La hidr\u00e1ulica fluvial se dedica al estudio del comportamiento de r\u00edos y otras fuentes de agua. A trav\u00e9s de ella es posible predecir la reacci\u00f3n y evoluci\u00f3n de un r\u00edoante cualquier intervenci\u00f3n del hombre, en el cauce y m\u00e1rgenes, llanuras de inundaci\u00f3n y franja de ribera.\" \/>\n<meta property=\"og:url\" content=\"https:\/\/caeg.pe\/index.php\/servicios\/hidraulica-fluvial\/\" \/>\n<meta property=\"og:site_name\" content=\"CAEG\" \/>\n<meta property=\"article:modified_time\" content=\"2018-05-28T19:39:47+00:00\" \/>\n<meta name=\"twitter:card\" content=\"summary_large_image\" \/>\n<meta name=\"twitter:label1\" content=\"Tiempo de lectura\" \/>\n\t<meta name=\"twitter:data1\" content=\"5 minutos\" \/>\n<script type=\"application\/ld+json\" class=\"yoast-schema-graph\">{\"@context\":\"https:\\\/\\\/schema.org\",\"@graph\":[{\"@type\":\"WebPage\",\"@id\":\"https:\\\/\\\/caeg.pe\\\/index.php\\\/servicios\\\/hidraulica-fluvial\\\/\",\"url\":\"https:\\\/\\\/caeg.pe\\\/index.php\\\/servicios\\\/hidraulica-fluvial\\\/\",\"name\":\"\u00bfQu\u00e9 es la hidr\u00e1ulica fluvial? - Centro de altos estudios en geom\u00e1tica\",\"isPartOf\":{\"@id\":\"https:\\\/\\\/caeg.pe\\\/#website\"},\"datePublished\":\"2018-03-21T05:17:31+00:00\",\"dateModified\":\"2018-05-28T19:39:47+00:00\",\"description\":\"La hidr\u00e1ulica fluvial se dedica al estudio del comportamiento de r\u00edos y otras fuentes de agua. A trav\u00e9s de ella es posible predecir la reacci\u00f3n y evoluci\u00f3n de un r\u00edoante cualquier intervenci\u00f3n del hombre, en el cauce y m\u00e1rgenes, llanuras de inundaci\u00f3n y franja de ribera.\",\"breadcrumb\":{\"@id\":\"https:\\\/\\\/caeg.pe\\\/index.php\\\/servicios\\\/hidraulica-fluvial\\\/#breadcrumb\"},\"inLanguage\":\"es\",\"potentialAction\":[{\"@type\":\"ReadAction\",\"target\":[\"https:\\\/\\\/caeg.pe\\\/index.php\\\/servicios\\\/hidraulica-fluvial\\\/\"]}]},{\"@type\":\"BreadcrumbList\",\"@id\":\"https:\\\/\\\/caeg.pe\\\/index.php\\\/servicios\\\/hidraulica-fluvial\\\/#breadcrumb\",\"itemListElement\":[{\"@type\":\"ListItem\",\"position\":1,\"name\":\"Portada\",\"item\":\"https:\\\/\\\/caeg.pe\\\/\"},{\"@type\":\"ListItem\",\"position\":2,\"name\":\"SERVICIOS\",\"item\":\"https:\\\/\\\/caeg.pe\\\/index.php\\\/servicios\\\/\"},{\"@type\":\"ListItem\",\"position\":3,\"name\":\"Hidr\u00e1ulica Fluvial\"}]},{\"@type\":\"WebSite\",\"@id\":\"https:\\\/\\\/caeg.pe\\\/#website\",\"url\":\"https:\\\/\\\/caeg.pe\\\/\",\"name\":\"CAEG\",\"description\":\"Centro de Altos Estudios en Geom\u00e1tica\",\"publisher\":{\"@id\":\"https:\\\/\\\/caeg.pe\\\/#organization\"},\"potentialAction\":[{\"@type\":\"SearchAction\",\"target\":{\"@type\":\"EntryPoint\",\"urlTemplate\":\"https:\\\/\\\/caeg.pe\\\/?s={search_term_string}\"},\"query-input\":{\"@type\":\"PropertyValueSpecification\",\"valueRequired\":true,\"valueName\":\"search_term_string\"}}],\"inLanguage\":\"es\"},{\"@type\":\"Organization\",\"@id\":\"https:\\\/\\\/caeg.pe\\\/#organization\",\"name\":\"CAEG\",\"url\":\"https:\\\/\\\/caeg.pe\\\/\",\"logo\":{\"@type\":\"ImageObject\",\"inLanguage\":\"es\",\"@id\":\"https:\\\/\\\/caeg.pe\\\/#\\\/schema\\\/logo\\\/image\\\/\",\"url\":\"https:\\\/\\\/caeg.pe\\\/wp-content\\\/uploads\\\/2018\\\/04\\\/cropped-cropped-CAEG-NUEVO.png\",\"contentUrl\":\"https:\\\/\\\/caeg.pe\\\/wp-content\\\/uploads\\\/2018\\\/04\\\/cropped-cropped-CAEG-NUEVO.png\",\"width\":200,\"height\":99,\"caption\":\"CAEG\"},\"image\":{\"@id\":\"https:\\\/\\\/caeg.pe\\\/#\\\/schema\\\/logo\\\/image\\\/\"}}]}<\/script>\n<!-- \/ Yoast SEO plugin. -->","yoast_head_json":{"title":"\u00bfQu\u00e9 es la hidr\u00e1ulica fluvial? - Centro de altos estudios en geom\u00e1tica","description":"La hidr\u00e1ulica fluvial se dedica al estudio del comportamiento de r\u00edos y otras fuentes de agua. A trav\u00e9s de ella es posible predecir la reacci\u00f3n y evoluci\u00f3n de un r\u00edoante cualquier intervenci\u00f3n del hombre, en el cauce y m\u00e1rgenes, llanuras de inundaci\u00f3n y franja de ribera.","robots":{"index":"index","follow":"follow","max-snippet":"max-snippet:-1","max-image-preview":"max-image-preview:large","max-video-preview":"max-video-preview:-1"},"canonical":"https:\/\/caeg.pe\/index.php\/servicios\/hidraulica-fluvial\/","og_locale":"es_ES","og_type":"article","og_title":"\u00bfQu\u00e9 es la hidr\u00e1ulica fluvial? - Centro de altos estudios en geom\u00e1tica","og_description":"La hidr\u00e1ulica fluvial se dedica al estudio del comportamiento de r\u00edos y otras fuentes de agua. A trav\u00e9s de ella es posible predecir la reacci\u00f3n y evoluci\u00f3n de un r\u00edoante cualquier intervenci\u00f3n del hombre, en el cauce y m\u00e1rgenes, llanuras de inundaci\u00f3n y franja de ribera.","og_url":"https:\/\/caeg.pe\/index.php\/servicios\/hidraulica-fluvial\/","og_site_name":"CAEG","article_modified_time":"2018-05-28T19:39:47+00:00","twitter_card":"summary_large_image","twitter_misc":{"Tiempo de lectura":"5 minutos"},"schema":{"@context":"https:\/\/schema.org","@graph":[{"@type":"WebPage","@id":"https:\/\/caeg.pe\/index.php\/servicios\/hidraulica-fluvial\/","url":"https:\/\/caeg.pe\/index.php\/servicios\/hidraulica-fluvial\/","name":"\u00bfQu\u00e9 es la hidr\u00e1ulica fluvial? - Centro de altos estudios en geom\u00e1tica","isPartOf":{"@id":"https:\/\/caeg.pe\/#website"},"datePublished":"2018-03-21T05:17:31+00:00","dateModified":"2018-05-28T19:39:47+00:00","description":"La hidr\u00e1ulica fluvial se dedica al estudio del comportamiento de r\u00edos y otras fuentes de agua. A trav\u00e9s de ella es posible predecir la reacci\u00f3n y evoluci\u00f3n de un r\u00edoante cualquier intervenci\u00f3n del hombre, en el cauce y m\u00e1rgenes, llanuras de inundaci\u00f3n y franja de ribera.","breadcrumb":{"@id":"https:\/\/caeg.pe\/index.php\/servicios\/hidraulica-fluvial\/#breadcrumb"},"inLanguage":"es","potentialAction":[{"@type":"ReadAction","target":["https:\/\/caeg.pe\/index.php\/servicios\/hidraulica-fluvial\/"]}]},{"@type":"BreadcrumbList","@id":"https:\/\/caeg.pe\/index.php\/servicios\/hidraulica-fluvial\/#breadcrumb","itemListElement":[{"@type":"ListItem","position":1,"name":"Portada","item":"https:\/\/caeg.pe\/"},{"@type":"ListItem","position":2,"name":"SERVICIOS","item":"https:\/\/caeg.pe\/index.php\/servicios\/"},{"@type":"ListItem","position":3,"name":"Hidr\u00e1ulica Fluvial"}]},{"@type":"WebSite","@id":"https:\/\/caeg.pe\/#website","url":"https:\/\/caeg.pe\/","name":"CAEG","description":"Centro de Altos Estudios en Geom\u00e1tica","publisher":{"@id":"https:\/\/caeg.pe\/#organization"},"potentialAction":[{"@type":"SearchAction","target":{"@type":"EntryPoint","urlTemplate":"https:\/\/caeg.pe\/?s={search_term_string}"},"query-input":{"@type":"PropertyValueSpecification","valueRequired":true,"valueName":"search_term_string"}}],"inLanguage":"es"},{"@type":"Organization","@id":"https:\/\/caeg.pe\/#organization","name":"CAEG","url":"https:\/\/caeg.pe\/","logo":{"@type":"ImageObject","inLanguage":"es","@id":"https:\/\/caeg.pe\/#\/schema\/logo\/image\/","url":"https:\/\/caeg.pe\/wp-content\/uploads\/2018\/04\/cropped-cropped-CAEG-NUEVO.png","contentUrl":"https:\/\/caeg.pe\/wp-content\/uploads\/2018\/04\/cropped-cropped-CAEG-NUEVO.png","width":200,"height":99,"caption":"CAEG"},"image":{"@id":"https:\/\/caeg.pe\/#\/schema\/logo\/image\/"}}]}},"_links":{"self":[{"href":"https:\/\/caeg.pe\/index.php\/wp-json\/wp\/v2\/pages\/450","targetHints":{"allow":["GET"]}}],"collection":[{"href":"https:\/\/caeg.pe\/index.php\/wp-json\/wp\/v2\/pages"}],"about":[{"href":"https:\/\/caeg.pe\/index.php\/wp-json\/wp\/v2\/types\/page"}],"author":[{"embeddable":true,"href":"https:\/\/caeg.pe\/index.php\/wp-json\/wp\/v2\/users\/1"}],"replies":[{"embeddable":true,"href":"https:\/\/caeg.pe\/index.php\/wp-json\/wp\/v2\/comments?post=450"}],"version-history":[{"count":3,"href":"https:\/\/caeg.pe\/index.php\/wp-json\/wp\/v2\/pages\/450\/revisions"}],"predecessor-version":[{"id":485,"href":"https:\/\/caeg.pe\/index.php\/wp-json\/wp\/v2\/pages\/450\/revisions\/485"}],"up":[{"embeddable":true,"href":"https:\/\/caeg.pe\/index.php\/wp-json\/wp\/v2\/pages\/256"}],"wp:attachment":[{"href":"https:\/\/caeg.pe\/index.php\/wp-json\/wp\/v2\/media?parent=450"}],"curies":[{"name":"wp","href":"https:\/\/api.w.org\/{rel}","templated":true}]}}