{"id":438,"date":"2018-03-21T04:42:17","date_gmt":"2018-03-21T04:42:17","guid":{"rendered":"https:\/\/caeg.pe\/?page_id=438"},"modified":"2018-05-28T19:27:10","modified_gmt":"2018-05-28T19:27:10","slug":"topografia-con-drones","status":"publish","type":"page","link":"https:\/\/caeg.pe\/index.php\/servicios\/topografia-con-drones\/","title":{"rendered":"Topograf\u00eda con drones"},"content":{"rendered":"<div class=\"wpb-content-wrapper\">[vc_row bg_type=\u00bbimage\u00bb parallax_style=\u00bbvcpb-default\u00bb bg_image_new=\u00bbid^257|url^https:\/\/caeg.pe\/wp-content\/uploads\/2018\/01\/fondo.jpg|caption^null|alt^null|title^fondo|description^null\u00bb bg_override=\u00bbex-full\u00bb css=\u00bb.vc_custom_1516856504631{margin-bottom: 0px !important;padding-top: 120px !important;padding-bottom: 120px !important;}\u00bb][vc_column width=\u00bb1\/3&#8243;][\/vc_column][vc_column width=\u00bb1\/3&#8243;][vc_custom_heading text=\u00bbNuestros Servicios\u00bb font_container=\u00bbtag:h3|text_align:center|color:%23002d83&#8243; use_theme_fonts=\u00bbyes\u00bb css_animation=\u00bbfadeInUp\u00bb css=\u00bb.vc_custom_1521606805387{padding-top: 20px !important;padding-right: 30px !important;padding-bottom: 20px !important;padding-left: 30px !important;background-color: #ffffff !important;}\u00bb][\/vc_column][vc_column width=\u00bb1\/3&#8243;][\/vc_column][\/vc_row][vc_row full_width=\u00bbstretch_row\u00bb css=\u00bb.vc_custom_1521608375307{background-color: #eaeaea !important;}\u00bb][vc_column width=\u00bb1\/6&#8243;][\/vc_column][vc_column width=\u00bb2\/3&#8243;][vc_custom_heading text=\u00bbTopograf\u00eda con drones\u00bb font_container=\u00bbtag:h2|text_align:center|color:%23002d83&#8243; use_theme_fonts=\u00bbyes\u00bb][vc_column_text]\n<p style=\"text-align: center;\">Con nuestro servicio de Fotogrametr\u00eda con Drones, podemos obtener curvas de nivel, modelos digitales del terreno, c\u00e1lculos de vol\u00famenes, modelos 3D y ortomosaicos, los cuales pueden ser utilizados para fines de topograf\u00eda, cartograf\u00eda, hidr\u00e1ulica, catastro, arqueolog\u00eda, miner\u00eda, entre otras disciplinas.\u00a0 <span class=\"collapseomatic \" id=\"id69f0bea8e858d\"  tabindex=\"0\" title=\"Leer m\u00e1s\"    >Leer m\u00e1s<\/span><div id=\"target-id69f0bea8e858d\" class=\"collapseomatic_content \">\n<p>Con nuestro servicio de Fotogrametr\u00eda con Drones, podemos obtener curvas de nivel, modelos digitales del terreno, c\u00e1lculos de vol\u00famenes, modelos 3D y ortomosaicos, los cuales pueden ser utilizados para fines de topograf\u00eda, cartograf\u00eda, hidr\u00e1ulica, catastro, arqueolog\u00eda, miner\u00eda, entre otras disciplinas.<\/p>\n<p><strong>Usos actuales de los drones<\/strong><\/p>\n<p>Tradicionalmente el uso de drones es asociado a realizar trabajos audiovisuales, sin embargo, actualmente se empieza a conocer muchos otros usos como en la topograf\u00eda con drones.<\/p>\n<p>En este sector de topograf\u00eda con drones se realiza con una t\u00e9cnica llamada fotogrametr\u00eda para hacer modelos 3D, curvas de nivel, c\u00e1lculo de vol\u00famenes, modelos digitales de terrenos, modelos digitales de superficies y ortomosaicos.<\/p>\n<p><strong>Ventajas de la topograf\u00eda con drones<\/strong><\/p>\n<p>El uso de drones en la topograf\u00eda proporciona m\u00faltiples ventajas con respecto al uso de equipos tradicionales. Son m\u00e1s r\u00e1pidos, generan m\u00e1s datos, y lo hacen de forma m\u00e1s segura, sin tener que acceder personalmente a lugares peligrosos.<\/p>\n<p><strong>Explicamos a detalle algunas ventajas de la\u00a0topograf\u00eda con drones.<\/strong><\/p>\n<p><strong>La seguridad del top\u00f3grafo, la ventaja m\u00e1s destacable.<\/strong><\/p>\n<p>Antes, el top\u00f3grafo necesitaba tomar puntos de acopios de material, por lo que deb\u00eda ascender hasta la cota m\u00e1s alta de este, recorrer un desnivel con gran pendiente para poder representarlo, etc. con la posibilidad de resbalar o con el desafortunado resultado de hundirse en el acopio.<\/p>\n<p><strong>La eficiencia.<\/strong><\/p>\n<p>Mediante el vuelo del drones se pueden conseguir millones de puntos con color; mientras que antes el top\u00f3grafo deb\u00eda ir observando punto por punto, obteniendo solamente unas coordenadas en las que dif\u00edcilmente podr\u00eda conseguir 500 puntos por jornada.<\/p>\n<p><strong>El valor visual.<\/strong><\/p>\n<p>Nace la posibilidad de disponer de un documento gr\u00e1fico con un hist\u00f3rico en el que se puede apreciar el avance como posible aval a futuras reclamaciones o simplemente para un an\u00e1lisis visual.<\/p>\n<p><strong>Los plazos de entrega.<\/strong><\/p>\n<p>Se consigue reducir el tiempo de procesado y, por lo tanto, los costos de trabajo disminuyen. Hace a\u00f1os, los vuelos fotogram\u00e9tricos mediante aviones espec\u00edficamente acomodados a este trabajo daban plazos de entrega de aproximadamente 1 mes.<\/p>\n<p>Mediante un vuelo de un drones y la toma de puntos de apoyo, este tiempo se reduce a d\u00edas.\u00a0<\/div>[\/vc_column_text][\/vc_column][vc_column width=\u00bb1\/6&#8243;][\/vc_column][\/vc_row][vc_row full_width=\u00bbstretch_row\u00bb content_placement=\u00bbmiddle\u00bb css=\u00bb.vc_custom_1521608389447{background-color: #eaeaea !important;}\u00bb][vc_column width=\u00bb1\/2&#8243;][vc_row_inner content_placement=\u00bbmiddle\u00bb][vc_column_inner width=\u00bb1\/2&#8243;][vc_single_image image=\u00bb338&#8243; img_size=\u00bbmedium\u00bb alignment=\u00bbcenter\u00bb css_animation=\u00bbfadeInUp\u00bb][\/vc_column_inner][vc_column_inner width=\u00bb1\/2&#8243;][vc_custom_heading text=\u00bbCurvas de Nivel\u00bb font_container=\u00bbtag:p|text_align:left|color:%23444444&#8243; use_theme_fonts=\u00bbyes\u00bb css_animation=\u00bbfadeInUp\u00bb][\/vc_column_inner][\/vc_row_inner][vc_row_inner content_placement=\u00bbmiddle\u00bb][vc_column_inner width=\u00bb1\/2&#8243;][vc_single_image image=\u00bb339&#8243; img_size=\u00bbmedium\u00bb alignment=\u00bbcenter\u00bb css_animation=\u00bbfadeInUp\u00bb][\/vc_column_inner][vc_column_inner width=\u00bb1\/2&#8243;][vc_custom_heading text=\u00bbModelo Digitales del Terreno\u00bb font_container=\u00bbtag:p|text_align:left|color:%23444444&#8243; use_theme_fonts=\u00bbyes\u00bb css_animation=\u00bbfadeInUp\u00bb][\/vc_column_inner][\/vc_row_inner][vc_row_inner content_placement=\u00bbmiddle\u00bb][vc_column_inner width=\u00bb1\/2&#8243;][vc_single_image image=\u00bb340&#8243; img_size=\u00bbmedium\u00bb alignment=\u00bbcenter\u00bb css_animation=\u00bbfadeInUp\u00bb][\/vc_column_inner][vc_column_inner width=\u00bb1\/2&#8243;][vc_custom_heading text=\u00bbModelo Digitales de Superficie\u00bb font_container=\u00bbtag:p|text_align:left|color:%23444444&#8243; use_theme_fonts=\u00bbyes\u00bb css_animation=\u00bbfadeInUp\u00bb][\/vc_column_inner][\/vc_row_inner][\/vc_column][vc_column width=\u00bb1\/2&#8243;][vc_row_inner content_placement=\u00bbmiddle\u00bb][vc_column_inner width=\u00bb1\/2&#8243;][vc_single_image image=\u00bb341&#8243; img_size=\u00bbmedium\u00bb alignment=\u00bbcenter\u00bb css_animation=\u00bbfadeInUp\u00bb][\/vc_column_inner][vc_column_inner width=\u00bb1\/2&#8243;][vc_custom_heading text=\u00bbC\u00e1lculo de vol\u00famenes\u00bb font_container=\u00bbtag:p|text_align:left|color:%23444444&#8243; use_theme_fonts=\u00bbyes\u00bb css_animation=\u00bbfadeInUp\u00bb][\/vc_column_inner][\/vc_row_inner][vc_row_inner content_placement=\u00bbmiddle\u00bb][vc_column_inner width=\u00bb1\/2&#8243;][vc_single_image image=\u00bb342&#8243; img_size=\u00bbmedium\u00bb alignment=\u00bbcenter\u00bb css_animation=\u00bbfadeInUp\u00bb][\/vc_column_inner][vc_column_inner width=\u00bb1\/2&#8243;][vc_custom_heading text=\u00bbModelos 3D\u00bb font_container=\u00bbtag:p|text_align:left|color:%23444444&#8243; use_theme_fonts=\u00bbyes\u00bb css_animation=\u00bbfadeInUp\u00bb][\/vc_column_inner][\/vc_row_inner][vc_row_inner content_placement=\u00bbmiddle\u00bb][vc_column_inner width=\u00bb1\/2&#8243;][vc_single_image image=\u00bb343&#8243; img_size=\u00bbmedium\u00bb alignment=\u00bbcenter\u00bb css_animation=\u00bbfadeInUp\u00bb][\/vc_column_inner][vc_column_inner width=\u00bb1\/2&#8243;][vc_custom_heading text=\u00bbOrtomosaicos\u00bb font_container=\u00bbtag:p|text_align:left|color:%23444444&#8243; use_theme_fonts=\u00bbyes\u00bb css_animation=\u00bbfadeInUp\u00bb][\/vc_column_inner][\/vc_row_inner][\/vc_column][\/vc_row][vc_row bg_type=\u00bbimage\u00bb parallax_style=\u00bbvcpb-default\u00bb bg_image_new=\u00bbid^223|url^https:\/\/caeg.pe\/wp-content\/uploads\/2018\/01\/fondo-contacto-azul-caeg.jpg|caption^null|alt^null|title^fondo-contacto-azul-caeg|description^null\u00bb bg_override=\u00bbex-full\u00bb][vc_column][vc_custom_heading text=\u00bbCont\u00e1ctenos\u00bb font_container=\u00bbtag:h2|font_size:30|text_align:center|color:%23ffffff|line_height:1&#8243; use_theme_fonts=\u00bbyes\u00bb css_animation=\u00bbfadeInUp\u00bb][vc_column_text css_animation=\u00bbfadeInUp\u00bb css=\u00bb.vc_custom_1516856018130{margin-bottom: 150px !important;}\u00bb]\n<h5 style=\"text-align: center;\"><span style=\"color: #ffffff;\">Te responderemos a la brevedad posible.<\/span><\/h5>\n[\/vc_column_text][\/vc_column][\/vc_row][vc_row css=\u00bb.vc_custom_1516855282479{background-color: #ffffff !important;}\u00bb][vc_column width=\u00bb1\/4&#8243;][\/vc_column][vc_column width=\u00bb1\/2&#8243; css=\u00bb.vc_custom_1516856045479{margin-top: -100px !important;margin-bottom: 30px !important;}\u00bb][vc_column_text css_animation=\u00bbfadeInUp\u00bb css=\u00bb.vc_custom_1516856122722{border-top-width: 1px !important;border-right-width: 1px !important;border-bottom-width: 1px !important;border-left-width: 1px !important;padding-top: 30px !important;padding-right: 20px !important;padding-bottom: 20px !important;padding-left: 20px !important;background-color: #ffffff !important;border-left-color: #002d83 !important;border-left-style: solid !important;border-right-color: #002d83 !important;border-right-style: solid !important;border-top-color: #002d83 !important;border-top-style: solid !important;border-bottom-color: #002d83 !important;border-bottom-style: solid !important;}\u00bb]\n<div class=\"wpcf7 no-js\" id=\"wpcf7-f32-o1\" lang=\"es-ES\" dir=\"ltr\" data-wpcf7-id=\"32\">\n<div class=\"screen-reader-response\"><p role=\"status\" aria-live=\"polite\" aria-atomic=\"true\"><\/p> <ul><\/ul><\/div>\n<form action=\"\/index.php\/wp-json\/wp\/v2\/pages\/438#wpcf7-f32-o1\" method=\"post\" class=\"wpcf7-form init\" aria-label=\"Formulario de contacto\" novalidate=\"novalidate\" data-status=\"init\">\n<fieldset class=\"hidden-fields-container\"><input type=\"hidden\" name=\"_wpcf7\" value=\"32\" \/><input type=\"hidden\" name=\"_wpcf7_version\" value=\"6.1.3\" \/><input type=\"hidden\" name=\"_wpcf7_locale\" value=\"es_ES\" \/><input type=\"hidden\" name=\"_wpcf7_unit_tag\" value=\"wpcf7-f32-o1\" \/><input type=\"hidden\" name=\"_wpcf7_container_post\" value=\"0\" \/><input type=\"hidden\" name=\"_wpcf7_posted_data_hash\" value=\"\" \/>\n<\/fieldset>\n<p><label> <span class=\"wpcf7-form-control-wrap\" data-name=\"your-name\"><input size=\"40\" maxlength=\"400\" class=\"wpcf7-form-control wpcf7-text wpcf7-validates-as-required cf7-fa-icon-fa-user-o\" aria-required=\"true\" aria-invalid=\"false\" placeholder=\"Nombre\" value=\"\" type=\"text\" name=\"your-name\" \/><\/span> <\/label>\n<\/p>\n<p><label> <span class=\"wpcf7-form-control-wrap\" data-name=\"your-email\"><input size=\"40\" maxlength=\"400\" class=\"wpcf7-form-control wpcf7-email wpcf7-validates-as-required wpcf7-text wpcf7-validates-as-email cf7-fa-icon-fa-envelope-o\" aria-required=\"true\" aria-invalid=\"false\" placeholder=\"E-mail\" value=\"\" type=\"email\" name=\"your-email\" \/><\/span> <\/label>\n<\/p>\n<p><label> <span class=\"wpcf7-form-control-wrap\" data-name=\"text-344\"><input size=\"40\" maxlength=\"400\" class=\"wpcf7-form-control wpcf7-text wpcf7-validates-as-required cf7-fa-icon-fa-globe\" aria-required=\"true\" aria-invalid=\"false\" placeholder=\"Pais\" value=\"\" type=\"text\" name=\"text-344\" \/><\/span> <\/label>\n<\/p>\n<p><label> <span class=\"wpcf7-form-control-wrap\" data-name=\"your-message\"><textarea cols=\"8\" rows=\"4\" maxlength=\"2000\" class=\"wpcf7-form-control wpcf7-textarea cf7-fa-icon-fa-comments-o\" aria-invalid=\"false\" placeholder=\"Mensaje\" name=\"your-message\"><\/textarea><\/span> <\/label>\n<\/p>\n<p><input class=\"wpcf7-form-control wpcf7-submit has-spinner\" type=\"submit\" value=\"Enviar\" \/>\n<\/p><p style=\"display: none !important;\" class=\"akismet-fields-container\" data-prefix=\"_wpcf7_ak_\"><label>&#916;<textarea name=\"_wpcf7_ak_hp_textarea\" cols=\"45\" rows=\"8\" maxlength=\"100\"><\/textarea><\/label><input type=\"hidden\" id=\"ak_js_1\" name=\"_wpcf7_ak_js\" value=\"160\"\/><script>document.getElementById( \"ak_js_1\" ).setAttribute( \"value\", ( new Date() ).getTime() );<\/script><\/p><div class=\"wpcf7-response-output\" aria-hidden=\"true\"><\/div>\n<\/form>\n<\/div>\n[\/vc_column_text][\/vc_column][vc_column width=\u00bb1\/4&#8243;][\/vc_column][\/vc_row]\n<\/div>","protected":false},"excerpt":{"rendered":"<p>[vc_row bg_type=\u00bbimage\u00bb parallax_style=\u00bbvcpb-default\u00bb bg_image_new=\u00bbid^257|url^https:\/\/caeg.pe\/wp-content\/uploads\/2018\/01\/fondo.jpg|caption^null|alt^null|title^fondo|description^null\u00bb bg_override=\u00bbex-full\u00bb css=\u00bb.vc_custom_1516856504631{margin-bottom: 0px !important;padding-top: 120px !important;padding-bottom: 120px !important;}\u00bb][vc_column width=\u00bb1\/3&#8243;][\/vc_column][vc_column width=\u00bb1\/3&#8243;][vc_custom_heading text=\u00bbNuestros Servicios\u00bb font_container=\u00bbtag:h3|text_align:center|color:%23002d83&#8243; use_theme_fonts=\u00bbyes\u00bb css_animation=\u00bbfadeInUp\u00bb css=\u00bb.vc_custom_1521606805387{padding-top: 20px !important;padding-right: 30px !important;padding-bottom: 20px !important;padding-left: 30px !important;background-color: #ffffff !important;}\u00bb][\/vc_column][vc_column width=\u00bb1\/3&#8243;][\/vc_column][\/vc_row][vc_row full_width=\u00bbstretch_row\u00bb css=\u00bb.vc_custom_1521608375307{background-color: #eaeaea !important;}\u00bb][vc_column width=\u00bb1\/6&#8243;][\/vc_column][vc_column width=\u00bb2\/3&#8243;][vc_custom_heading text=\u00bbTopograf\u00eda con drones\u00bb font_container=\u00bbtag:h2|text_align:center|color:%23002d83&#8243; use_theme_fonts=\u00bbyes\u00bb][vc_column_text] Con nuestro servicio de Fotogrametr\u00eda con Drones, podemos obtener curvas de nivel, modelos [&hellip;]<\/p>\n","protected":false},"author":1,"featured_media":0,"parent":256,"menu_order":0,"comment_status":"closed","ping_status":"closed","template":"","meta":{"site-sidebar-layout":"no-sidebar","site-content-layout":"plain-container","ast-site-content-layout":"default","site-content-style":"default","site-sidebar-style":"default","ast-global-header-display":"","ast-banner-title-visibility":"","ast-main-header-display":"","ast-hfb-above-header-display":"","ast-hfb-below-header-display":"","ast-hfb-mobile-header-display":"","site-post-title":"disabled","ast-breadcrumbs-content":"","ast-featured-img":"disabled","footer-sml-layout":"","ast-disable-related-posts":"","theme-transparent-header-meta":"","adv-header-id-meta":"","stick-header-meta":"","header-above-stick-meta":"","header-main-stick-meta":"","header-below-stick-meta":"","astra-migrate-meta-layouts":"default","ast-page-background-enabled":"default","ast-page-background-meta":{"desktop":{"background-color":"","background-image":"","background-repeat":"repeat","background-position":"center center","background-size":"auto","background-attachment":"scroll","background-type":"","background-media":"","overlay-type":"","overlay-color":"","overlay-opacity":"","overlay-gradient":""},"tablet":{"background-color":"","background-image":"","background-repeat":"repeat","background-position":"center center","background-size":"auto","background-attachment":"scroll","background-type":"","background-media":"","overlay-type":"","overlay-color":"","overlay-opacity":"","overlay-gradient":""},"mobile":{"background-color":"","background-image":"","background-repeat":"repeat","background-position":"center center","background-size":"auto","background-attachment":"scroll","background-type":"","background-media":"","overlay-type":"","overlay-color":"","overlay-opacity":"","overlay-gradient":""}},"ast-content-background-meta":{"desktop":{"background-color":"var(--ast-global-color-5)","background-image":"","background-repeat":"repeat","background-position":"center center","background-size":"auto","background-attachment":"scroll","background-type":"","background-media":"","overlay-type":"","overlay-color":"","overlay-opacity":"","overlay-gradient":""},"tablet":{"background-color":"var(--ast-global-color-5)","background-image":"","background-repeat":"repeat","background-position":"center center","background-size":"auto","background-attachment":"scroll","background-type":"","background-media":"","overlay-type":"","overlay-color":"","overlay-opacity":"","overlay-gradient":""},"mobile":{"background-color":"var(--ast-global-color-5)","background-image":"","background-repeat":"repeat","background-position":"center center","background-size":"auto","background-attachment":"scroll","background-type":"","background-media":"","overlay-type":"","overlay-color":"","overlay-opacity":"","overlay-gradient":""}},"footnotes":""},"class_list":["post-438","page","type-page","status-publish","hentry"],"yoast_head":"<!-- This site is optimized with the Yoast SEO plugin v27.4 - https:\/\/yoast.com\/product\/yoast-seo-wordpress\/ -->\n<title>Topograf\u00eda con drones en Lima - Centro de Altos Estudios en Geom\u00e1tica<\/title>\n<meta name=\"description\" content=\"Con nuestro servicio de topograf\u00eda con Drones, podemos obtener curvas de nivel, modelos digitales del terreno, c\u00e1lculos de vol\u00famenes, modelos 3D y ortomosaicos, los cuales pueden ser utilizados para fines de topograf\u00eda, cartograf\u00eda, hidr\u00e1ulica, catastro, arqueolog\u00eda, miner\u00eda, entre otras disciplinas.\" \/>\n<meta name=\"robots\" content=\"index, follow, max-snippet:-1, max-image-preview:large, max-video-preview:-1\" \/>\n<link rel=\"canonical\" href=\"https:\/\/caeg.pe\/index.php\/servicios\/topografia-con-drones\/\" \/>\n<meta property=\"og:locale\" content=\"es_ES\" \/>\n<meta property=\"og:type\" content=\"article\" \/>\n<meta property=\"og:title\" content=\"Topograf\u00eda con drones en Lima - Centro de Altos Estudios en Geom\u00e1tica\" \/>\n<meta property=\"og:description\" content=\"Con nuestro servicio de topograf\u00eda con Drones, podemos obtener curvas de nivel, modelos digitales del terreno, c\u00e1lculos de vol\u00famenes, modelos 3D y ortomosaicos, los cuales pueden ser utilizados para fines de topograf\u00eda, cartograf\u00eda, hidr\u00e1ulica, catastro, arqueolog\u00eda, miner\u00eda, entre otras disciplinas.\" \/>\n<meta property=\"og:url\" content=\"https:\/\/caeg.pe\/index.php\/servicios\/topografia-con-drones\/\" \/>\n<meta property=\"og:site_name\" content=\"CAEG\" \/>\n<meta property=\"article:modified_time\" content=\"2018-05-28T19:27:10+00:00\" \/>\n<meta name=\"twitter:card\" content=\"summary_large_image\" \/>\n<meta name=\"twitter:label1\" content=\"Tiempo de lectura\" \/>\n\t<meta name=\"twitter:data1\" content=\"6 minutos\" \/>\n<script type=\"application\/ld+json\" class=\"yoast-schema-graph\">{\"@context\":\"https:\\\/\\\/schema.org\",\"@graph\":[{\"@type\":\"WebPage\",\"@id\":\"https:\\\/\\\/caeg.pe\\\/index.php\\\/servicios\\\/topografia-con-drones\\\/\",\"url\":\"https:\\\/\\\/caeg.pe\\\/index.php\\\/servicios\\\/topografia-con-drones\\\/\",\"name\":\"Topograf\u00eda con drones en Lima - Centro de Altos Estudios en Geom\u00e1tica\",\"isPartOf\":{\"@id\":\"https:\\\/\\\/caeg.pe\\\/#website\"},\"datePublished\":\"2018-03-21T04:42:17+00:00\",\"dateModified\":\"2018-05-28T19:27:10+00:00\",\"description\":\"Con nuestro servicio de topograf\u00eda con Drones, podemos obtener curvas de nivel, modelos digitales del terreno, c\u00e1lculos de vol\u00famenes, modelos 3D y ortomosaicos, los cuales pueden ser utilizados para fines de topograf\u00eda, cartograf\u00eda, hidr\u00e1ulica, catastro, arqueolog\u00eda, miner\u00eda, entre otras disciplinas.\",\"breadcrumb\":{\"@id\":\"https:\\\/\\\/caeg.pe\\\/index.php\\\/servicios\\\/topografia-con-drones\\\/#breadcrumb\"},\"inLanguage\":\"es\",\"potentialAction\":[{\"@type\":\"ReadAction\",\"target\":[\"https:\\\/\\\/caeg.pe\\\/index.php\\\/servicios\\\/topografia-con-drones\\\/\"]}]},{\"@type\":\"BreadcrumbList\",\"@id\":\"https:\\\/\\\/caeg.pe\\\/index.php\\\/servicios\\\/topografia-con-drones\\\/#breadcrumb\",\"itemListElement\":[{\"@type\":\"ListItem\",\"position\":1,\"name\":\"Portada\",\"item\":\"https:\\\/\\\/caeg.pe\\\/\"},{\"@type\":\"ListItem\",\"position\":2,\"name\":\"SERVICIOS\",\"item\":\"https:\\\/\\\/caeg.pe\\\/index.php\\\/servicios\\\/\"},{\"@type\":\"ListItem\",\"position\":3,\"name\":\"Topograf\u00eda con drones\"}]},{\"@type\":\"WebSite\",\"@id\":\"https:\\\/\\\/caeg.pe\\\/#website\",\"url\":\"https:\\\/\\\/caeg.pe\\\/\",\"name\":\"CAEG\",\"description\":\"Centro de Altos Estudios en Geom\u00e1tica\",\"publisher\":{\"@id\":\"https:\\\/\\\/caeg.pe\\\/#organization\"},\"potentialAction\":[{\"@type\":\"SearchAction\",\"target\":{\"@type\":\"EntryPoint\",\"urlTemplate\":\"https:\\\/\\\/caeg.pe\\\/?s={search_term_string}\"},\"query-input\":{\"@type\":\"PropertyValueSpecification\",\"valueRequired\":true,\"valueName\":\"search_term_string\"}}],\"inLanguage\":\"es\"},{\"@type\":\"Organization\",\"@id\":\"https:\\\/\\\/caeg.pe\\\/#organization\",\"name\":\"CAEG\",\"url\":\"https:\\\/\\\/caeg.pe\\\/\",\"logo\":{\"@type\":\"ImageObject\",\"inLanguage\":\"es\",\"@id\":\"https:\\\/\\\/caeg.pe\\\/#\\\/schema\\\/logo\\\/image\\\/\",\"url\":\"https:\\\/\\\/caeg.pe\\\/wp-content\\\/uploads\\\/2018\\\/04\\\/cropped-cropped-CAEG-NUEVO.png\",\"contentUrl\":\"https:\\\/\\\/caeg.pe\\\/wp-content\\\/uploads\\\/2018\\\/04\\\/cropped-cropped-CAEG-NUEVO.png\",\"width\":200,\"height\":99,\"caption\":\"CAEG\"},\"image\":{\"@id\":\"https:\\\/\\\/caeg.pe\\\/#\\\/schema\\\/logo\\\/image\\\/\"}}]}<\/script>\n<!-- \/ Yoast SEO plugin. -->","yoast_head_json":{"title":"Topograf\u00eda con drones en Lima - Centro de Altos Estudios en Geom\u00e1tica","description":"Con nuestro servicio de topograf\u00eda con Drones, podemos obtener curvas de nivel, modelos digitales del terreno, c\u00e1lculos de vol\u00famenes, modelos 3D y ortomosaicos, los cuales pueden ser utilizados para fines de topograf\u00eda, cartograf\u00eda, hidr\u00e1ulica, catastro, arqueolog\u00eda, miner\u00eda, entre otras disciplinas.","robots":{"index":"index","follow":"follow","max-snippet":"max-snippet:-1","max-image-preview":"max-image-preview:large","max-video-preview":"max-video-preview:-1"},"canonical":"https:\/\/caeg.pe\/index.php\/servicios\/topografia-con-drones\/","og_locale":"es_ES","og_type":"article","og_title":"Topograf\u00eda con drones en Lima - Centro de Altos Estudios en Geom\u00e1tica","og_description":"Con nuestro servicio de topograf\u00eda con Drones, podemos obtener curvas de nivel, modelos digitales del terreno, c\u00e1lculos de vol\u00famenes, modelos 3D y ortomosaicos, los cuales pueden ser utilizados para fines de topograf\u00eda, cartograf\u00eda, hidr\u00e1ulica, catastro, arqueolog\u00eda, miner\u00eda, entre otras disciplinas.","og_url":"https:\/\/caeg.pe\/index.php\/servicios\/topografia-con-drones\/","og_site_name":"CAEG","article_modified_time":"2018-05-28T19:27:10+00:00","twitter_card":"summary_large_image","twitter_misc":{"Tiempo de lectura":"6 minutos"},"schema":{"@context":"https:\/\/schema.org","@graph":[{"@type":"WebPage","@id":"https:\/\/caeg.pe\/index.php\/servicios\/topografia-con-drones\/","url":"https:\/\/caeg.pe\/index.php\/servicios\/topografia-con-drones\/","name":"Topograf\u00eda con drones en Lima - Centro de Altos Estudios en Geom\u00e1tica","isPartOf":{"@id":"https:\/\/caeg.pe\/#website"},"datePublished":"2018-03-21T04:42:17+00:00","dateModified":"2018-05-28T19:27:10+00:00","description":"Con nuestro servicio de topograf\u00eda con Drones, podemos obtener curvas de nivel, modelos digitales del terreno, c\u00e1lculos de vol\u00famenes, modelos 3D y ortomosaicos, los cuales pueden ser utilizados para fines de topograf\u00eda, cartograf\u00eda, hidr\u00e1ulica, catastro, arqueolog\u00eda, miner\u00eda, entre otras disciplinas.","breadcrumb":{"@id":"https:\/\/caeg.pe\/index.php\/servicios\/topografia-con-drones\/#breadcrumb"},"inLanguage":"es","potentialAction":[{"@type":"ReadAction","target":["https:\/\/caeg.pe\/index.php\/servicios\/topografia-con-drones\/"]}]},{"@type":"BreadcrumbList","@id":"https:\/\/caeg.pe\/index.php\/servicios\/topografia-con-drones\/#breadcrumb","itemListElement":[{"@type":"ListItem","position":1,"name":"Portada","item":"https:\/\/caeg.pe\/"},{"@type":"ListItem","position":2,"name":"SERVICIOS","item":"https:\/\/caeg.pe\/index.php\/servicios\/"},{"@type":"ListItem","position":3,"name":"Topograf\u00eda con drones"}]},{"@type":"WebSite","@id":"https:\/\/caeg.pe\/#website","url":"https:\/\/caeg.pe\/","name":"CAEG","description":"Centro de Altos Estudios en Geom\u00e1tica","publisher":{"@id":"https:\/\/caeg.pe\/#organization"},"potentialAction":[{"@type":"SearchAction","target":{"@type":"EntryPoint","urlTemplate":"https:\/\/caeg.pe\/?s={search_term_string}"},"query-input":{"@type":"PropertyValueSpecification","valueRequired":true,"valueName":"search_term_string"}}],"inLanguage":"es"},{"@type":"Organization","@id":"https:\/\/caeg.pe\/#organization","name":"CAEG","url":"https:\/\/caeg.pe\/","logo":{"@type":"ImageObject","inLanguage":"es","@id":"https:\/\/caeg.pe\/#\/schema\/logo\/image\/","url":"https:\/\/caeg.pe\/wp-content\/uploads\/2018\/04\/cropped-cropped-CAEG-NUEVO.png","contentUrl":"https:\/\/caeg.pe\/wp-content\/uploads\/2018\/04\/cropped-cropped-CAEG-NUEVO.png","width":200,"height":99,"caption":"CAEG"},"image":{"@id":"https:\/\/caeg.pe\/#\/schema\/logo\/image\/"}}]}},"_links":{"self":[{"href":"https:\/\/caeg.pe\/index.php\/wp-json\/wp\/v2\/pages\/438","targetHints":{"allow":["GET"]}}],"collection":[{"href":"https:\/\/caeg.pe\/index.php\/wp-json\/wp\/v2\/pages"}],"about":[{"href":"https:\/\/caeg.pe\/index.php\/wp-json\/wp\/v2\/types\/page"}],"author":[{"embeddable":true,"href":"https:\/\/caeg.pe\/index.php\/wp-json\/wp\/v2\/users\/1"}],"replies":[{"embeddable":true,"href":"https:\/\/caeg.pe\/index.php\/wp-json\/wp\/v2\/comments?post=438"}],"version-history":[{"count":8,"href":"https:\/\/caeg.pe\/index.php\/wp-json\/wp\/v2\/pages\/438\/revisions"}],"predecessor-version":[{"id":480,"href":"https:\/\/caeg.pe\/index.php\/wp-json\/wp\/v2\/pages\/438\/revisions\/480"}],"up":[{"embeddable":true,"href":"https:\/\/caeg.pe\/index.php\/wp-json\/wp\/v2\/pages\/256"}],"wp:attachment":[{"href":"https:\/\/caeg.pe\/index.php\/wp-json\/wp\/v2\/media?parent=438"}],"curies":[{"name":"wp","href":"https:\/\/api.w.org\/{rel}","templated":true}]}}