{"id":120,"date":"2017-12-28T19:51:35","date_gmt":"2017-12-28T19:51:35","guid":{"rendered":"https:\/\/caeg.pe\/?page_id=120"},"modified":"2018-05-31T15:12:38","modified_gmt":"2018-05-31T15:12:38","slug":"nosotros","status":"publish","type":"page","link":"https:\/\/caeg.pe\/index.php\/nosotros\/","title":{"rendered":"NOSOTROS"},"content":{"rendered":"<div class=\"wpb-content-wrapper\">[vc_row bg_type=\u00bbimage\u00bb parallax_style=\u00bbvcpb-default\u00bb bg_image_new=\u00bbid^212|url^https:\/\/caeg.pe\/wp-content\/uploads\/2017\/12\/fondo-contacto-caeg.jpg|caption^null|alt^null|title^fondo-contacto-caeg|description^null\u00bb bg_override=\u00bbex-full\u00bb][vc_column][vc_empty_space height=\u00bb75px\u00bb]<div id=\"ultimate-heading-27769fb34c310509\" class=\"uvc-heading ult-adjust-bottom-margin ultimate-heading-27769fb34c310509 uvc-7045 \" data-hspacer=\"line_only\"  data-halign=\"center\" style=\"text-align:center\"><div class=\"uvc-main-heading ult-responsive\"  data-ultimate-target='.uvc-heading.ultimate-heading-27769fb34c310509 h1'  data-responsive-json-new='{\"font-size\":\"\",\"line-height\":\"\"}' ><h1 style=\"font-weight:normal;\">NOSOTROS<\/h1><\/div><div class=\"uvc-heading-spacer line_only\" style=\"topheight:2px;\"><span class=\"uvc-headings-line\" style=\"border-style:solid;border-bottom-width:2px;border-color:#002d83;width:75px;\"><\/span><\/div><\/div>[vc_empty_space height=\u00bb75px\u00bb][\/vc_column][\/vc_row][vc_row bg_type=\u00bbimage\u00bb parallax_style=\u00bbvcpb-vz-jquery\u00bb bg_image_new=\u00bbid^266|url^https:\/\/caeg.pe\/wp-content\/uploads\/2018\/02\/contactenos.jpg|caption^null|alt^null|title^contactenos|description^null\u00bb parallax_sense=\u00bb25&#8243; bg_override=\u00bbex-full\u00bb][vc_column width=\u00bb1\/4&#8243;][\/vc_column][vc_column width=\u00bb1\/2&#8243; css=\u00bb.vc_custom_1517936519878{margin-top: 30px !important;margin-right: 20px !important;margin-bottom: 30px !important;margin-left: 20px !important;padding-top: 20px !important;padding-right: 20px !important;padding-bottom: 20px !important;padding-left: 20px !important;background-color: rgba(255,255,255,0.75) !important;*background-color: rgb(255,255,255) !important;}\u00bb][vc_column_text]\n<h3>\u00bfQUI\u00c9NES SOMOS?<\/h3>\n<p>El Centro de Altos Estudios en Geom\u00e1tica \u201cCAEG\u201d, empresa peruana dedicada a fomentar el desarrollo educativo, tecnol\u00f3gico y cient\u00edfico en el Per\u00fa y el Extranjero, en tem\u00e1ticas relacionadas a la Geom\u00e1tica, brindando capacitaciones y consultor\u00edas t\u00e9cnicas personalizadas para proyectos de Planificaci\u00f3n y Gesti\u00f3n Territorial.<\/p>\n<h3>MISI\u00d3N<\/h3>\n<p>Formar estudiantes l\u00edderes e innovadores, que produzcan cambios positivos en nuestra sociedad, utilizando las herramientas de la Geom\u00e1tica con responsabilidad y cuidado de nuestro medio ambiente.<\/p>\n<h3>VISI\u00d3N<\/h3>\n<p>Ser reconocida como la Empresa Latinoamericana L\u00edder en brindar Capacitaciones de Geom\u00e1tica de alta calidad, por la ense\u00f1anza brindada al servicio de la comunidad.[\/vc_column_text][\/vc_column][vc_column width=\u00bb1\/4&#8243;][\/vc_column][\/vc_row]\n<\/div>","protected":false},"excerpt":{"rendered":"<p>[vc_row bg_type=\u00bbimage\u00bb parallax_style=\u00bbvcpb-default\u00bb bg_image_new=\u00bbid^212|url^https:\/\/caeg.pe\/wp-content\/uploads\/2017\/12\/fondo-contacto-caeg.jpg|caption^null|alt^null|title^fondo-contacto-caeg|description^null\u00bb bg_override=\u00bbex-full\u00bb][vc_column][vc_empty_space height=\u00bb75px\u00bb][vc_empty_space height=\u00bb75px\u00bb][\/vc_column][\/vc_row][vc_row bg_type=\u00bbimage\u00bb parallax_style=\u00bbvcpb-vz-jquery\u00bb bg_image_new=\u00bbid^266|url^https:\/\/caeg.pe\/wp-content\/uploads\/2018\/02\/contactenos.jpg|caption^null|alt^null|title^contactenos|description^null\u00bb parallax_sense=\u00bb25&#8243; bg_override=\u00bbex-full\u00bb][vc_column width=\u00bb1\/4&#8243;][\/vc_column][vc_column width=\u00bb1\/2&#8243; css=\u00bb.vc_custom_1517936519878{margin-top: 30px !important;margin-right: 20px !important;margin-bottom: 30px !important;margin-left: 20px !important;padding-top: 20px !important;padding-right: 20px !important;padding-bottom: 20px !important;padding-left: 20px !important;background-color: rgba(255,255,255,0.75) !important;*background-color: rgb(255,255,255) !important;}\u00bb][vc_column_text] \u00bfQUI\u00c9NES SOMOS? El Centro de Altos Estudios en Geom\u00e1tica \u201cCAEG\u201d, empresa peruana dedicada a fomentar el desarrollo educativo, tecnol\u00f3gico y [&hellip;]<\/p>\n","protected":false},"author":1,"featured_media":0,"parent":0,"menu_order":0,"comment_status":"closed","ping_status":"closed","template":"","meta":{"site-sidebar-layout":"no-sidebar","site-content-layout":"plain-container","ast-site-content-layout":"default","site-content-style":"default","site-sidebar-style":"default","ast-global-header-display":"","ast-banner-title-visibility":"","ast-main-header-display":"","ast-hfb-above-header-display":"","ast-hfb-below-header-display":"","ast-hfb-mobile-header-display":"","site-post-title":"disabled","ast-breadcrumbs-content":"","ast-featured-img":"disabled","footer-sml-layout":"","ast-disable-related-posts":"","theme-transparent-header-meta":"","adv-header-id-meta":"","stick-header-meta":"","header-above-stick-meta":"","header-main-stick-meta":"","header-below-stick-meta":"","astra-migrate-meta-layouts":"default","ast-page-background-enabled":"default","ast-page-background-meta":{"desktop":{"background-color":"","background-image":"","background-repeat":"repeat","background-position":"center center","background-size":"auto","background-attachment":"scroll","background-type":"","background-media":"","overlay-type":"","overlay-color":"","overlay-opacity":"","overlay-gradient":""},"tablet":{"background-color":"","background-image":"","background-repeat":"repeat","background-position":"center center","background-size":"auto","background-attachment":"scroll","background-type":"","background-media":"","overlay-type":"","overlay-color":"","overlay-opacity":"","overlay-gradient":""},"mobile":{"background-color":"","background-image":"","background-repeat":"repeat","background-position":"center center","background-size":"auto","background-attachment":"scroll","background-type":"","background-media":"","overlay-type":"","overlay-color":"","overlay-opacity":"","overlay-gradient":""}},"ast-content-background-meta":{"desktop":{"background-color":"var(--ast-global-color-5)","background-image":"","background-repeat":"repeat","background-position":"center center","background-size":"auto","background-attachment":"scroll","background-type":"","background-media":"","overlay-type":"","overlay-color":"","overlay-opacity":"","overlay-gradient":""},"tablet":{"background-color":"var(--ast-global-color-5)","background-image":"","background-repeat":"repeat","background-position":"center center","background-size":"auto","background-attachment":"scroll","background-type":"","background-media":"","overlay-type":"","overlay-color":"","overlay-opacity":"","overlay-gradient":""},"mobile":{"background-color":"var(--ast-global-color-5)","background-image":"","background-repeat":"repeat","background-position":"center center","background-size":"auto","background-attachment":"scroll","background-type":"","background-media":"","overlay-type":"","overlay-color":"","overlay-opacity":"","overlay-gradient":""}},"footnotes":""},"class_list":["post-120","page","type-page","status-publish","hentry"],"yoast_head":"<!-- This site is optimized with the Yoast SEO plugin v27.4 - https:\/\/yoast.com\/product\/yoast-seo-wordpress\/ -->\n<title>CAEG; Centro de Altos Estudios en Geom\u00e1tica en Lima, Per\u00fa<\/title>\n<meta name=\"description\" content=\"CAEG; Centro de Altos Estudios en Geom\u00e1tica, empresa peruana dedicada a fomentar el desarrollo educativo, tecnol\u00f3gico y cient\u00edfico en el Per\u00fa y el Extranjero, en tem\u00e1ticas relacionadas a la Geom\u00e1tica, brindando capacitaciones y consultor\u00edas t\u00e9cnicas\" \/>\n<meta name=\"robots\" content=\"index, follow, max-snippet:-1, max-image-preview:large, max-video-preview:-1\" \/>\n<link rel=\"canonical\" href=\"https:\/\/caeg.pe\/index.php\/nosotros\/\" \/>\n<meta property=\"og:locale\" content=\"es_ES\" \/>\n<meta property=\"og:type\" content=\"article\" \/>\n<meta property=\"og:title\" content=\"CAEG; Centro de Altos Estudios en Geom\u00e1tica en Lima, Per\u00fa\" \/>\n<meta property=\"og:description\" content=\"CAEG; Centro de Altos Estudios en Geom\u00e1tica, empresa peruana dedicada a fomentar el desarrollo educativo, tecnol\u00f3gico y cient\u00edfico en el Per\u00fa y el Extranjero, en tem\u00e1ticas relacionadas a la Geom\u00e1tica, brindando capacitaciones y consultor\u00edas t\u00e9cnicas\" \/>\n<meta property=\"og:url\" content=\"https:\/\/caeg.pe\/index.php\/nosotros\/\" \/>\n<meta property=\"og:site_name\" content=\"CAEG\" \/>\n<meta property=\"article:modified_time\" content=\"2018-05-31T15:12:38+00:00\" \/>\n<meta name=\"twitter:card\" content=\"summary_large_image\" \/>\n<meta name=\"twitter:label1\" content=\"Tiempo de lectura\" \/>\n\t<meta name=\"twitter:data1\" content=\"1 minuto\" \/>\n<script type=\"application\/ld+json\" class=\"yoast-schema-graph\">{\"@context\":\"https:\\\/\\\/schema.org\",\"@graph\":[{\"@type\":\"WebPage\",\"@id\":\"https:\\\/\\\/caeg.pe\\\/index.php\\\/nosotros\\\/\",\"url\":\"https:\\\/\\\/caeg.pe\\\/index.php\\\/nosotros\\\/\",\"name\":\"CAEG; Centro de Altos Estudios en Geom\u00e1tica en Lima, Per\u00fa\",\"isPartOf\":{\"@id\":\"https:\\\/\\\/caeg.pe\\\/#website\"},\"datePublished\":\"2017-12-28T19:51:35+00:00\",\"dateModified\":\"2018-05-31T15:12:38+00:00\",\"description\":\"CAEG; Centro de Altos Estudios en Geom\u00e1tica, empresa peruana dedicada a fomentar el desarrollo educativo, tecnol\u00f3gico y cient\u00edfico en el Per\u00fa y el Extranjero, en tem\u00e1ticas relacionadas a la Geom\u00e1tica, brindando capacitaciones y consultor\u00edas t\u00e9cnicas\",\"breadcrumb\":{\"@id\":\"https:\\\/\\\/caeg.pe\\\/index.php\\\/nosotros\\\/#breadcrumb\"},\"inLanguage\":\"es\",\"potentialAction\":[{\"@type\":\"ReadAction\",\"target\":[\"https:\\\/\\\/caeg.pe\\\/index.php\\\/nosotros\\\/\"]}]},{\"@type\":\"BreadcrumbList\",\"@id\":\"https:\\\/\\\/caeg.pe\\\/index.php\\\/nosotros\\\/#breadcrumb\",\"itemListElement\":[{\"@type\":\"ListItem\",\"position\":1,\"name\":\"Portada\",\"item\":\"https:\\\/\\\/caeg.pe\\\/\"},{\"@type\":\"ListItem\",\"position\":2,\"name\":\"NOSOTROS\"}]},{\"@type\":\"WebSite\",\"@id\":\"https:\\\/\\\/caeg.pe\\\/#website\",\"url\":\"https:\\\/\\\/caeg.pe\\\/\",\"name\":\"CAEG\",\"description\":\"Centro de Altos Estudios en Geom\u00e1tica\",\"publisher\":{\"@id\":\"https:\\\/\\\/caeg.pe\\\/#organization\"},\"potentialAction\":[{\"@type\":\"SearchAction\",\"target\":{\"@type\":\"EntryPoint\",\"urlTemplate\":\"https:\\\/\\\/caeg.pe\\\/?s={search_term_string}\"},\"query-input\":{\"@type\":\"PropertyValueSpecification\",\"valueRequired\":true,\"valueName\":\"search_term_string\"}}],\"inLanguage\":\"es\"},{\"@type\":\"Organization\",\"@id\":\"https:\\\/\\\/caeg.pe\\\/#organization\",\"name\":\"CAEG\",\"url\":\"https:\\\/\\\/caeg.pe\\\/\",\"logo\":{\"@type\":\"ImageObject\",\"inLanguage\":\"es\",\"@id\":\"https:\\\/\\\/caeg.pe\\\/#\\\/schema\\\/logo\\\/image\\\/\",\"url\":\"https:\\\/\\\/caeg.pe\\\/wp-content\\\/uploads\\\/2018\\\/04\\\/cropped-cropped-CAEG-NUEVO.png\",\"contentUrl\":\"https:\\\/\\\/caeg.pe\\\/wp-content\\\/uploads\\\/2018\\\/04\\\/cropped-cropped-CAEG-NUEVO.png\",\"width\":200,\"height\":99,\"caption\":\"CAEG\"},\"image\":{\"@id\":\"https:\\\/\\\/caeg.pe\\\/#\\\/schema\\\/logo\\\/image\\\/\"}}]}<\/script>\n<!-- \/ Yoast SEO plugin. -->","yoast_head_json":{"title":"CAEG; Centro de Altos Estudios en Geom\u00e1tica en Lima, Per\u00fa","description":"CAEG; Centro de Altos Estudios en Geom\u00e1tica, empresa peruana dedicada a fomentar el desarrollo educativo, tecnol\u00f3gico y cient\u00edfico en el Per\u00fa y el Extranjero, en tem\u00e1ticas relacionadas a la Geom\u00e1tica, brindando capacitaciones y consultor\u00edas t\u00e9cnicas","robots":{"index":"index","follow":"follow","max-snippet":"max-snippet:-1","max-image-preview":"max-image-preview:large","max-video-preview":"max-video-preview:-1"},"canonical":"https:\/\/caeg.pe\/index.php\/nosotros\/","og_locale":"es_ES","og_type":"article","og_title":"CAEG; Centro de Altos Estudios en Geom\u00e1tica en Lima, Per\u00fa","og_description":"CAEG; Centro de Altos Estudios en Geom\u00e1tica, empresa peruana dedicada a fomentar el desarrollo educativo, tecnol\u00f3gico y cient\u00edfico en el Per\u00fa y el Extranjero, en tem\u00e1ticas relacionadas a la Geom\u00e1tica, brindando capacitaciones y consultor\u00edas t\u00e9cnicas","og_url":"https:\/\/caeg.pe\/index.php\/nosotros\/","og_site_name":"CAEG","article_modified_time":"2018-05-31T15:12:38+00:00","twitter_card":"summary_large_image","twitter_misc":{"Tiempo de lectura":"1 minuto"},"schema":{"@context":"https:\/\/schema.org","@graph":[{"@type":"WebPage","@id":"https:\/\/caeg.pe\/index.php\/nosotros\/","url":"https:\/\/caeg.pe\/index.php\/nosotros\/","name":"CAEG; Centro de Altos Estudios en Geom\u00e1tica en Lima, Per\u00fa","isPartOf":{"@id":"https:\/\/caeg.pe\/#website"},"datePublished":"2017-12-28T19:51:35+00:00","dateModified":"2018-05-31T15:12:38+00:00","description":"CAEG; Centro de Altos Estudios en Geom\u00e1tica, empresa peruana dedicada a fomentar el desarrollo educativo, tecnol\u00f3gico y cient\u00edfico en el Per\u00fa y el Extranjero, en tem\u00e1ticas relacionadas a la Geom\u00e1tica, brindando capacitaciones y consultor\u00edas t\u00e9cnicas","breadcrumb":{"@id":"https:\/\/caeg.pe\/index.php\/nosotros\/#breadcrumb"},"inLanguage":"es","potentialAction":[{"@type":"ReadAction","target":["https:\/\/caeg.pe\/index.php\/nosotros\/"]}]},{"@type":"BreadcrumbList","@id":"https:\/\/caeg.pe\/index.php\/nosotros\/#breadcrumb","itemListElement":[{"@type":"ListItem","position":1,"name":"Portada","item":"https:\/\/caeg.pe\/"},{"@type":"ListItem","position":2,"name":"NOSOTROS"}]},{"@type":"WebSite","@id":"https:\/\/caeg.pe\/#website","url":"https:\/\/caeg.pe\/","name":"CAEG","description":"Centro de Altos Estudios en Geom\u00e1tica","publisher":{"@id":"https:\/\/caeg.pe\/#organization"},"potentialAction":[{"@type":"SearchAction","target":{"@type":"EntryPoint","urlTemplate":"https:\/\/caeg.pe\/?s={search_term_string}"},"query-input":{"@type":"PropertyValueSpecification","valueRequired":true,"valueName":"search_term_string"}}],"inLanguage":"es"},{"@type":"Organization","@id":"https:\/\/caeg.pe\/#organization","name":"CAEG","url":"https:\/\/caeg.pe\/","logo":{"@type":"ImageObject","inLanguage":"es","@id":"https:\/\/caeg.pe\/#\/schema\/logo\/image\/","url":"https:\/\/caeg.pe\/wp-content\/uploads\/2018\/04\/cropped-cropped-CAEG-NUEVO.png","contentUrl":"https:\/\/caeg.pe\/wp-content\/uploads\/2018\/04\/cropped-cropped-CAEG-NUEVO.png","width":200,"height":99,"caption":"CAEG"},"image":{"@id":"https:\/\/caeg.pe\/#\/schema\/logo\/image\/"}}]}},"_links":{"self":[{"href":"https:\/\/caeg.pe\/index.php\/wp-json\/wp\/v2\/pages\/120","targetHints":{"allow":["GET"]}}],"collection":[{"href":"https:\/\/caeg.pe\/index.php\/wp-json\/wp\/v2\/pages"}],"about":[{"href":"https:\/\/caeg.pe\/index.php\/wp-json\/wp\/v2\/types\/page"}],"author":[{"embeddable":true,"href":"https:\/\/caeg.pe\/index.php\/wp-json\/wp\/v2\/users\/1"}],"replies":[{"embeddable":true,"href":"https:\/\/caeg.pe\/index.php\/wp-json\/wp\/v2\/comments?post=120"}],"version-history":[{"count":9,"href":"https:\/\/caeg.pe\/index.php\/wp-json\/wp\/v2\/pages\/120\/revisions"}],"predecessor-version":[{"id":270,"href":"https:\/\/caeg.pe\/index.php\/wp-json\/wp\/v2\/pages\/120\/revisions\/270"}],"wp:attachment":[{"href":"https:\/\/caeg.pe\/index.php\/wp-json\/wp\/v2\/media?parent=120"}],"curies":[{"name":"wp","href":"https:\/\/api.w.org\/{rel}","templated":true}]}}